{"id":1614,"date":"2022-07-15T09:52:33","date_gmt":"2022-07-15T12:52:33","guid":{"rendered":"http:\/\/www.farol.ind.br\/view\/?page_id=1614"},"modified":"2022-07-21T16:00:22","modified_gmt":"2022-07-21T19:00:22","slug":"marketing","status":"publish","type":"page","link":"https:\/\/www.farol.ind.br\/view\/index.php\/marketing\/","title":{"rendered":"Marketing"},"content":{"rendered":"\t\t<div data-elementor-type=\"wp-page\" data-elementor-id=\"1614\" class=\"elementor elementor-1614\" data-elementor-post-type=\"page\">\n\t\t\t\t\t\t<section class=\"elementor-section elementor-top-section elementor-element elementor-element-520ef8d7 elementor-section-boxed elementor-section-height-default elementor-section-height-default\" data-id=\"520ef8d7\" data-element_type=\"section\" data-e-type=\"section\">\n\t\t\t\t\t\t<div class=\"elementor-container elementor-column-gap-default\">\n\t\t\t\t\t<div class=\"elementor-column elementor-col-100 elementor-top-column elementor-element elementor-element-26d98597\" data-id=\"26d98597\" data-element_type=\"column\" data-e-type=\"column\">\n\t\t\t<div class=\"elementor-widget-wrap elementor-element-populated\">\n\t\t\t\t\t\t<section class=\"elementor-section elementor-inner-section elementor-element elementor-element-2a83b6a9 elementor-section-boxed elementor-section-height-default elementor-section-height-default\" data-id=\"2a83b6a9\" data-element_type=\"section\" data-e-type=\"section\">\n\t\t\t\t\t\t<div class=\"elementor-container elementor-column-gap-default\">\n\t\t\t\t\t<div class=\"elementor-column elementor-col-50 elementor-inner-column elementor-element elementor-element-7f803d03\" data-id=\"7f803d03\" data-element_type=\"column\" data-e-type=\"column\">\n\t\t\t<div class=\"elementor-widget-wrap elementor-element-populated\">\n\t\t\t\t\t\t<div class=\"elementor-element elementor-element-44b1abbc elementor-widget elementor-widget-image\" data-id=\"44b1abbc\" data-element_type=\"widget\" data-e-type=\"widget\" data-widget_type=\"image.default\">\n\t\t\t\t<div class=\"elementor-widget-container\">\n\t\t\t\t\t\t\t\t\t\t\t\t\t\t\t\t<a href=\"http:\/\/www.farol.ind.br\/es\">\n\t\t\t\t\t\t\t<img fetchpriority=\"high\" decoding=\"async\" width=\"550\" height=\"300\" src=\"https:\/\/www.farol.ind.br\/view\/wp-content\/uploads\/2022\/03\/logo-dark.png\" class=\"attachment-large size-large wp-image-243\" alt=\"Farol S.A.\" srcset=\"https:\/\/www.farol.ind.br\/view\/wp-content\/uploads\/2022\/03\/logo-dark.png 550w, https:\/\/www.farol.ind.br\/view\/wp-content\/uploads\/2022\/03\/logo-dark-300x164.png 300w\" sizes=\"(max-width: 550px) 100vw, 550px\" \/>\t\t\t\t\t\t\t\t<\/a>\n\t\t\t\t\t\t\t\t\t\t\t\t\t\t\t<\/div>\n\t\t\t\t<\/div>\n\t\t\t\t\t<\/div>\n\t\t<\/div>\n\t\t\t\t<div class=\"elementor-column elementor-col-50 elementor-inner-column elementor-element elementor-element-385cc4a\" data-id=\"385cc4a\" data-element_type=\"column\" data-e-type=\"column\">\n\t\t\t<div class=\"elementor-widget-wrap\">\n\t\t\t\t\t\t\t<\/div>\n\t\t<\/div>\n\t\t\t\t\t<\/div>\n\t\t<\/section>\n\t\t\t\t\t<\/div>\n\t\t<\/div>\n\t\t\t\t\t<\/div>\n\t\t<\/section>\n\t\t\t\t<section class=\"elementor-section elementor-top-section elementor-element elementor-element-a2c07e9 elementor-section-boxed elementor-section-height-default elementor-section-height-default\" data-id=\"a2c07e9\" data-element_type=\"section\" data-e-type=\"section\">\n\t\t\t\t\t\t<div class=\"elementor-container elementor-column-gap-default\">\n\t\t\t\t\t<div class=\"elementor-column elementor-col-100 elementor-top-column elementor-element elementor-element-54d0c10\" data-id=\"54d0c10\" data-element_type=\"column\" data-e-type=\"column\">\n\t\t\t<div class=\"elementor-widget-wrap elementor-element-populated\">\n\t\t\t\t\t\t<div class=\"elementor-element elementor-element-7c4a19d elementor-widget elementor-widget-image\" data-id=\"7c4a19d\" data-element_type=\"widget\" data-e-type=\"widget\" data-widget_type=\"image.default\">\n\t\t\t\t<div class=\"elementor-widget-container\">\n\t\t\t\t\t\t\t\t\t\t\t\t\t\t\t<img decoding=\"async\" src=\"https:\/\/www.farol.ind.br\/view\/wp-content\/uploads\/elementor\/thumbs\/cropped-android-chrome-512x512-1-plm5ep1n9gc38hl1u91dc29zxjr2ircye4t7da73io.png\" title=\"cropped-android-chrome-512&#215;512-1.png\" alt=\"cropped-android-chrome-512x512-1.png\" loading=\"lazy\" \/>\t\t\t\t\t\t\t\t\t\t\t\t\t\t\t<\/div>\n\t\t\t\t<\/div>\n\t\t\t\t<div class=\"elementor-element elementor-element-f0e1ae6 elementor-widget elementor-widget-heading\" data-id=\"f0e1ae6\" data-element_type=\"widget\" data-e-type=\"widget\" data-widget_type=\"heading.default\">\n\t\t\t\t<div class=\"elementor-widget-container\">\n\t\t\t\t\t<h2 class=\"elementor-heading-title elementor-size-default\">Marketing<\/h2>\t\t\t\t<\/div>\n\t\t\t\t<\/div>\n\t\t\t\t<div class=\"elementor-element elementor-element-eb5952c elementor-widget elementor-widget-heading\" data-id=\"eb5952c\" data-element_type=\"widget\" data-e-type=\"widget\" data-widget_type=\"heading.default\">\n\t\t\t\t<div class=\"elementor-widget-container\">\n\t\t\t\t\t<h3 class=\"elementor-heading-title elementor-size-default\">\u00bfTienes una propuesta alineada con la misi\u00f3n, visi\u00f3n y valores de Farol? Env\u00ede su proyecto para que lo revisemos.<\/h3>\t\t\t\t<\/div>\n\t\t\t\t<\/div>\n\t\t\t\t<div class=\"elementor-element elementor-element-48c1650 elementor-widget elementor-widget-shortcode\" data-id=\"48c1650\" data-element_type=\"widget\" data-e-type=\"widget\" data-widget_type=\"shortcode.default\">\n\t\t\t\t<div class=\"elementor-widget-container\">\n\t\t\t\t\t\t\t<div class=\"elementor-shortcode\">\n<div class=\"wpcf7 no-js\" id=\"wpcf7-f1756-o1\" lang=\"pt-BR\" dir=\"ltr\" data-wpcf7-id=\"1756\">\n<div class=\"screen-reader-response\"><p role=\"status\" aria-live=\"polite\" aria-atomic=\"true\"><\/p> <ul><\/ul><\/div>\n<form action=\"\/view\/index.php\/wp-json\/wp\/v2\/pages\/1614#wpcf7-f1756-o1\" method=\"post\" class=\"wpcf7-form init\" aria-label=\"Formul\u00e1rios de contato\" enctype=\"multipart\/form-data\" novalidate=\"novalidate\" data-status=\"init\">\n<fieldset class=\"hidden-fields-container\"><input type=\"hidden\" name=\"_wpcf7\" value=\"1756\" \/><input type=\"hidden\" name=\"_wpcf7_version\" value=\"6.1.5\" \/><input type=\"hidden\" name=\"_wpcf7_locale\" value=\"pt_BR\" \/><input type=\"hidden\" name=\"_wpcf7_unit_tag\" value=\"wpcf7-f1756-o1\" \/><input type=\"hidden\" name=\"_wpcf7_container_post\" value=\"0\" \/><input type=\"hidden\" name=\"_wpcf7_posted_data_hash\" value=\"\" \/><input type=\"hidden\" name=\"_wpcf7_recaptcha_response\" value=\"\" \/>\n<\/fieldset>\n<p><label> *Nombre<br \/>\n<span class=\"wpcf7-form-control-wrap\" data-name=\"your-name\"><input size=\"40\" maxlength=\"400\" class=\"wpcf7-form-control wpcf7-text wpcf7-validates-as-required\" aria-required=\"true\" aria-invalid=\"false\" value=\"\" type=\"text\" name=\"your-name\" \/><\/span> <\/label>\n<\/p>\n<p><label> *E-mail<br \/>\n<span class=\"wpcf7-form-control-wrap\" data-name=\"your-email\"><input size=\"40\" maxlength=\"400\" class=\"wpcf7-form-control wpcf7-email wpcf7-validates-as-required wpcf7-text wpcf7-validates-as-email\" aria-required=\"true\" aria-invalid=\"false\" value=\"\" type=\"email\" name=\"your-email\" \/><\/span> <\/label><br \/>\n<label> *Tel\u00e9fono<br \/>\n<span class=\"wpcf7-form-control-wrap\" data-name=\"tel-204\"><input size=\"40\" maxlength=\"400\" class=\"wpcf7-form-control wpcf7-tel wpcf7-validates-as-required wpcf7-text wpcf7-validates-as-tel\" aria-required=\"true\" aria-invalid=\"false\" value=\"\" type=\"tel\" name=\"tel-204\" \/><\/span> <\/label><br \/>\n<label> *Nombre del Proyecto<br \/>\n<span class=\"wpcf7-form-control-wrap\" data-name=\"text-324\"><input size=\"40\" maxlength=\"400\" class=\"wpcf7-form-control wpcf7-text wpcf7-validates-as-required\" aria-required=\"true\" aria-invalid=\"false\" value=\"\" type=\"text\" name=\"text-324\" \/><\/span> <\/label><br \/>\n<label> *Objetivo del Proyecto<br \/>\n<span class=\"wpcf7-form-control-wrap\" data-name=\"text-325\"><input size=\"40\" maxlength=\"400\" class=\"wpcf7-form-control wpcf7-text wpcf7-validates-as-required\" aria-required=\"true\" aria-invalid=\"false\" value=\"\" type=\"text\" name=\"text-325\" \/><\/span> <\/label><br \/>\n<label> *Mensaje<br \/>\n<span class=\"wpcf7-form-control-wrap\" data-name=\"your-message\"><textarea cols=\"40\" rows=\"10\" maxlength=\"2000\" class=\"wpcf7-form-control wpcf7-textarea\" aria-invalid=\"false\" name=\"your-message\"><\/textarea><\/span> <\/label><br \/>\n<label> Enviar Archivo<br \/>\n<span class=\"wpcf7-form-control-wrap\" data-name=\"file-519\"><input size=\"40\" class=\"wpcf7-form-control wpcf7-file\" accept=\"audio\/*,video\/*,image\/*\" aria-invalid=\"false\" type=\"file\" name=\"file-519\" \/><\/span> <\/label>\n<\/p>\n<p><input class=\"wpcf7-form-control wpcf7-submit has-spinner\" type=\"submit\" value=\"Enviar\" \/>\n<\/p><div class=\"wpcf7-response-output\" aria-hidden=\"true\"><\/div>\n<\/form>\n<\/div>\n<\/div>\n\t\t\t\t\t\t<\/div>\n\t\t\t\t<\/div>\n\t\t\t\t\t<\/div>\n\t\t<\/div>\n\t\t\t\t\t<\/div>\n\t\t<\/section>\n\t\t\t\t<section class=\"elementor-section elementor-top-section elementor-element elementor-element-4037052a elementor-section-boxed elementor-section-height-default elementor-section-height-default\" data-id=\"4037052a\" data-element_type=\"section\" data-e-type=\"section\" data-settings=\"{&quot;background_background&quot;:&quot;classic&quot;}\">\n\t\t\t\t\t\t<div class=\"elementor-container elementor-column-gap-default\">\n\t\t\t\t\t<div class=\"elementor-column elementor-col-100 elementor-top-column elementor-element elementor-element-1b3c33a9\" data-id=\"1b3c33a9\" data-element_type=\"column\" data-e-type=\"column\">\n\t\t\t<div class=\"elementor-widget-wrap elementor-element-populated\">\n\t\t\t\t\t\t<div class=\"elementor-element elementor-element-49561520 elementor-widget elementor-widget-heading\" data-id=\"49561520\" data-element_type=\"widget\" data-e-type=\"widget\" data-widget_type=\"heading.default\">\n\t\t\t\t<div class=\"elementor-widget-container\">\n\t\t\t\t\t<h5 class=\"elementor-heading-title elementor-size-default\">Nuestras Ubicaciones<\/h5>\t\t\t\t<\/div>\n\t\t\t\t<\/div>\n\t\t\t\t\t<\/div>\n\t\t<\/div>\n\t\t\t\t\t<\/div>\n\t\t<\/section>\n\t\t\t\t<section class=\"elementor-section elementor-top-section elementor-element elementor-element-285cf47f elementor-section-content-middle elementor-section-boxed elementor-section-height-default elementor-section-height-default\" data-id=\"285cf47f\" data-element_type=\"section\" data-e-type=\"section\" data-settings=\"{&quot;background_background&quot;:&quot;classic&quot;}\">\n\t\t\t\t\t\t<div class=\"elementor-container elementor-column-gap-default\">\n\t\t\t\t\t<div class=\"elementor-column elementor-col-33 elementor-top-column elementor-element elementor-element-2771269a\" data-id=\"2771269a\" data-element_type=\"column\" data-e-type=\"column\">\n\t\t\t<div class=\"elementor-widget-wrap elementor-element-populated\">\n\t\t\t\t\t\t<div class=\"elementor-element elementor-element-ca01a1 elementor-widget elementor-widget-image\" data-id=\"ca01a1\" data-element_type=\"widget\" data-e-type=\"widget\" data-widget_type=\"image.default\">\n\t\t\t\t<div class=\"elementor-widget-container\">\n\t\t\t\t\t\t\t\t\t\t\t\t\t\t\t\t<a href=\"http:\/\/www.farol.ind.br\/site\/\">\n\t\t\t\t\t\t\t<img decoding=\"async\" width=\"472\" height=\"200\" src=\"https:\/\/www.farol.ind.br\/view\/wp-content\/uploads\/2022\/04\/grupopatense-white.webp\" class=\"attachment-large size-large wp-image-763\" alt=\"Grupo Patense\" srcset=\"https:\/\/www.farol.ind.br\/view\/wp-content\/uploads\/2022\/04\/grupopatense-white.webp 472w, https:\/\/www.farol.ind.br\/view\/wp-content\/uploads\/2022\/04\/grupopatense-white-300x127.webp 300w\" sizes=\"(max-width: 472px) 100vw, 472px\" \/>\t\t\t\t\t\t\t\t<\/a>\n\t\t\t\t\t\t\t\t\t\t\t\t\t\t\t<\/div>\n\t\t\t\t<\/div>\n\t\t\t\t\t<\/div>\n\t\t<\/div>\n\t\t\t\t<div class=\"elementor-column elementor-col-33 elementor-top-column elementor-element elementor-element-3a7289f2\" data-id=\"3a7289f2\" data-element_type=\"column\" data-e-type=\"column\">\n\t\t\t<div class=\"elementor-widget-wrap elementor-element-populated\">\n\t\t\t\t\t\t<div class=\"elementor-element elementor-element-e9890d6 elementor-widget elementor-widget-heading\" data-id=\"e9890d6\" data-element_type=\"widget\" data-e-type=\"widget\" data-widget_type=\"heading.default\">\n\t\t\t\t<div class=\"elementor-widget-container\">\n\t\t\t\t\t<p class=\"elementor-heading-title elementor-size-default\">\u00a9 2022 Farol S.A.<\/p>\t\t\t\t<\/div>\n\t\t\t\t<\/div>\n\t\t\t\t\t<\/div>\n\t\t<\/div>\n\t\t\t\t<div class=\"elementor-column elementor-col-33 elementor-top-column elementor-element elementor-element-4d32ffe6\" data-id=\"4d32ffe6\" data-element_type=\"column\" data-e-type=\"column\">\n\t\t\t<div class=\"elementor-widget-wrap elementor-element-populated\">\n\t\t\t\t\t\t<div class=\"elementor-element elementor-element-12a4d7ab elementor-widget elementor-widget-text-editor\" data-id=\"12a4d7ab\" data-element_type=\"widget\" data-e-type=\"widget\" data-widget_type=\"text-editor.default\">\n\t\t\t\t<div class=\"elementor-widget-container\">\n\t\t\t\t\t\t\t\t\t<p>Developed by <strong><span style=\"color: #ffffff;\"><a style=\"color: #ffffff;\" href=\"https:\/\/www.bmouseproductions.com\/\" target=\"_blank\" rel=\"noopener\">Bmouse Productions<\/a><\/span><\/strong><\/p>\t\t\t\t\t\t\t\t<\/div>\n\t\t\t\t<\/div>\n\t\t\t\t\t<\/div>\n\t\t<\/div>\n\t\t\t\t\t<\/div>\n\t\t<\/section>\n\t\t\t\t<\/div>\n\t\t","protected":false},"excerpt":{"rendered":"<p>Home Empresa Ubicaciones Productos Exportaci\u00f3n Sostenibilidad Colecci\u00f3n Contacto Contacto Trabaje Con Nosotros Defensor del pueblo Marketing Marketing \u00bfTienes una propuesta alineada con la misi\u00f3n, visi\u00f3n y valores de Farol? Env\u00ede su proyecto para que lo revisemos. Nuestras Ubicaciones Farol &#8211; unidade farol &#8211; nova itaberaba +55 (49) 3327 &#8211; 0110 Rodovia BR 282 km, 561 [&hellip;]<\/p>\n","protected":false},"author":1,"featured_media":0,"parent":0,"menu_order":0,"comment_status":"closed","ping_status":"closed","template":"elementor_canvas","meta":{"footnotes":""},"class_list":["post-1614","page","type-page","status-publish","hentry"],"yoast_head":"<!-- This site is optimized with the Yoast SEO plugin v27.4 - https:\/\/yoast.com\/product\/yoast-seo-wordpress\/ -->\n<title>Marketing - Farol S.A.<\/title>\n<meta name=\"robots\" content=\"index, follow, max-snippet:-1, max-image-preview:large, max-video-preview:-1\" \/>\n<link rel=\"canonical\" href=\"https:\/\/www.farol.ind.br\/view\/index.php\/marketing\/\" \/>\n<meta property=\"og:locale\" content=\"pt_BR\" \/>\n<meta property=\"og:type\" content=\"article\" \/>\n<meta property=\"og:title\" content=\"Marketing - Farol S.A.\" \/>\n<meta property=\"og:description\" content=\"Home Empresa Ubicaciones Productos Exportaci\u00f3n Sostenibilidad Colecci\u00f3n Contacto Contacto Trabaje Con Nosotros Defensor del pueblo Marketing Marketing \u00bfTienes una propuesta alineada con la misi\u00f3n, visi\u00f3n y valores de Farol? Env\u00ede su proyecto para que lo revisemos. Nuestras Ubicaciones Farol &#8211; unidade farol &#8211; nova itaberaba +55 (49) 3327 &#8211; 0110 Rodovia BR 282 km, 561 [&hellip;]\" \/>\n<meta property=\"og:url\" content=\"https:\/\/www.farol.ind.br\/view\/index.php\/marketing\/\" \/>\n<meta property=\"og:site_name\" content=\"Farol S.A.\" \/>\n<meta property=\"article:publisher\" content=\"https:\/\/www.facebook.com\/FarolSA?_rdr\" \/>\n<meta property=\"article:modified_time\" content=\"2022-07-21T19:00:22+00:00\" \/>\n<meta property=\"og:image\" content=\"https:\/\/www.farol.ind.br\/view\/wp-content\/uploads\/2022\/03\/logo-dark.png\" \/>\n<meta name=\"twitter:card\" content=\"summary_large_image\" \/>\n<meta name=\"twitter:label1\" content=\"Est. tempo de leitura\" \/>\n\t<meta name=\"twitter:data1\" content=\"11 minutos\" \/>\n<script type=\"application\/ld+json\" class=\"yoast-schema-graph\">{\"@context\":\"https:\\\/\\\/schema.org\",\"@graph\":[{\"@type\":\"WebPage\",\"@id\":\"https:\\\/\\\/www.farol.ind.br\\\/view\\\/index.php\\\/marketing\\\/\",\"url\":\"https:\\\/\\\/www.farol.ind.br\\\/view\\\/index.php\\\/marketing\\\/\",\"name\":\"Marketing - Farol S.A.\",\"isPartOf\":{\"@id\":\"https:\\\/\\\/www.farol.ind.br\\\/view\\\/#website\"},\"primaryImageOfPage\":{\"@id\":\"https:\\\/\\\/www.farol.ind.br\\\/view\\\/index.php\\\/marketing\\\/#primaryimage\"},\"image\":{\"@id\":\"https:\\\/\\\/www.farol.ind.br\\\/view\\\/index.php\\\/marketing\\\/#primaryimage\"},\"thumbnailUrl\":\"https:\\\/\\\/www.farol.ind.br\\\/view\\\/wp-content\\\/uploads\\\/2022\\\/03\\\/logo-dark.png\",\"datePublished\":\"2022-07-15T12:52:33+00:00\",\"dateModified\":\"2022-07-21T19:00:22+00:00\",\"breadcrumb\":{\"@id\":\"https:\\\/\\\/www.farol.ind.br\\\/view\\\/index.php\\\/marketing\\\/#breadcrumb\"},\"inLanguage\":\"pt-BR\",\"potentialAction\":[{\"@type\":\"ReadAction\",\"target\":[\"https:\\\/\\\/www.farol.ind.br\\\/view\\\/index.php\\\/marketing\\\/\"]}]},{\"@type\":\"ImageObject\",\"inLanguage\":\"pt-BR\",\"@id\":\"https:\\\/\\\/www.farol.ind.br\\\/view\\\/index.php\\\/marketing\\\/#primaryimage\",\"url\":\"https:\\\/\\\/www.farol.ind.br\\\/view\\\/wp-content\\\/uploads\\\/2022\\\/03\\\/logo-dark.png\",\"contentUrl\":\"https:\\\/\\\/www.farol.ind.br\\\/view\\\/wp-content\\\/uploads\\\/2022\\\/03\\\/logo-dark.png\",\"width\":550,\"height\":300,\"caption\":\"Farol S.A.\"},{\"@type\":\"BreadcrumbList\",\"@id\":\"https:\\\/\\\/www.farol.ind.br\\\/view\\\/index.php\\\/marketing\\\/#breadcrumb\",\"itemListElement\":[{\"@type\":\"ListItem\",\"position\":1,\"name\":\"In\u00edcio\",\"item\":\"https:\\\/\\\/www.farol.ind.br\\\/view\\\/\"},{\"@type\":\"ListItem\",\"position\":2,\"name\":\"Marketing\"}]},{\"@type\":\"WebSite\",\"@id\":\"https:\\\/\\\/www.farol.ind.br\\\/view\\\/#website\",\"url\":\"https:\\\/\\\/www.farol.ind.br\\\/view\\\/\",\"name\":\"Farol S.A.\",\"description\":\"Coletamos os subprodutos de bovinos, su\u00ednos, aves e peixes e, atrav\u00e9s da nossa tecnologia de ponta, realizamos a fabrica\u00e7\u00e3o de  mat\u00e9rias-primas de alto padr\u00e3o que s\u00e3o utilizados como componentes para ra\u00e7\u00f5es animais e diversas ind\u00fastrias qu\u00edmicas.\",\"publisher\":{\"@id\":\"https:\\\/\\\/www.farol.ind.br\\\/view\\\/#organization\"},\"potentialAction\":[{\"@type\":\"SearchAction\",\"target\":{\"@type\":\"EntryPoint\",\"urlTemplate\":\"https:\\\/\\\/www.farol.ind.br\\\/view\\\/?s={search_term_string}\"},\"query-input\":{\"@type\":\"PropertyValueSpecification\",\"valueRequired\":true,\"valueName\":\"search_term_string\"}}],\"inLanguage\":\"pt-BR\"},{\"@type\":\"Organization\",\"@id\":\"https:\\\/\\\/www.farol.ind.br\\\/view\\\/#organization\",\"name\":\"Farol S.A.\",\"url\":\"https:\\\/\\\/www.farol.ind.br\\\/view\\\/\",\"logo\":{\"@type\":\"ImageObject\",\"inLanguage\":\"pt-BR\",\"@id\":\"https:\\\/\\\/www.farol.ind.br\\\/view\\\/#\\\/schema\\\/logo\\\/image\\\/\",\"url\":\"http:\\\/\\\/www.farol.ind.br\\\/view\\\/wp-content\\\/uploads\\\/2022\\\/03\\\/logo-dark.png\",\"contentUrl\":\"http:\\\/\\\/www.farol.ind.br\\\/view\\\/wp-content\\\/uploads\\\/2022\\\/03\\\/logo-dark.png\",\"width\":550,\"height\":300,\"caption\":\"Farol S.A.\"},\"image\":{\"@id\":\"https:\\\/\\\/www.farol.ind.br\\\/view\\\/#\\\/schema\\\/logo\\\/image\\\/\"},\"sameAs\":[\"https:\\\/\\\/www.facebook.com\\\/FarolSA?_rdr\",\"https:\\\/\\\/www.instagram.com\\\/farolindustria\\\/\"]}]}<\/script>\n<!-- \/ Yoast SEO plugin. -->","yoast_head_json":{"title":"Marketing - Farol S.A.","robots":{"index":"index","follow":"follow","max-snippet":"max-snippet:-1","max-image-preview":"max-image-preview:large","max-video-preview":"max-video-preview:-1"},"canonical":"https:\/\/www.farol.ind.br\/view\/index.php\/marketing\/","og_locale":"pt_BR","og_type":"article","og_title":"Marketing - Farol S.A.","og_description":"Home Empresa Ubicaciones Productos Exportaci\u00f3n Sostenibilidad Colecci\u00f3n Contacto Contacto Trabaje Con Nosotros Defensor del pueblo Marketing Marketing \u00bfTienes una propuesta alineada con la misi\u00f3n, visi\u00f3n y valores de Farol? Env\u00ede su proyecto para que lo revisemos. Nuestras Ubicaciones Farol &#8211; unidade farol &#8211; nova itaberaba +55 (49) 3327 &#8211; 0110 Rodovia BR 282 km, 561 [&hellip;]","og_url":"https:\/\/www.farol.ind.br\/view\/index.php\/marketing\/","og_site_name":"Farol S.A.","article_publisher":"https:\/\/www.facebook.com\/FarolSA?_rdr","article_modified_time":"2022-07-21T19:00:22+00:00","og_image":[{"url":"https:\/\/www.farol.ind.br\/view\/wp-content\/uploads\/2022\/03\/logo-dark.png","type":"","width":"","height":""}],"twitter_card":"summary_large_image","twitter_misc":{"Est. tempo de leitura":"11 minutos"},"schema":{"@context":"https:\/\/schema.org","@graph":[{"@type":"WebPage","@id":"https:\/\/www.farol.ind.br\/view\/index.php\/marketing\/","url":"https:\/\/www.farol.ind.br\/view\/index.php\/marketing\/","name":"Marketing - Farol S.A.","isPartOf":{"@id":"https:\/\/www.farol.ind.br\/view\/#website"},"primaryImageOfPage":{"@id":"https:\/\/www.farol.ind.br\/view\/index.php\/marketing\/#primaryimage"},"image":{"@id":"https:\/\/www.farol.ind.br\/view\/index.php\/marketing\/#primaryimage"},"thumbnailUrl":"https:\/\/www.farol.ind.br\/view\/wp-content\/uploads\/2022\/03\/logo-dark.png","datePublished":"2022-07-15T12:52:33+00:00","dateModified":"2022-07-21T19:00:22+00:00","breadcrumb":{"@id":"https:\/\/www.farol.ind.br\/view\/index.php\/marketing\/#breadcrumb"},"inLanguage":"pt-BR","potentialAction":[{"@type":"ReadAction","target":["https:\/\/www.farol.ind.br\/view\/index.php\/marketing\/"]}]},{"@type":"ImageObject","inLanguage":"pt-BR","@id":"https:\/\/www.farol.ind.br\/view\/index.php\/marketing\/#primaryimage","url":"https:\/\/www.farol.ind.br\/view\/wp-content\/uploads\/2022\/03\/logo-dark.png","contentUrl":"https:\/\/www.farol.ind.br\/view\/wp-content\/uploads\/2022\/03\/logo-dark.png","width":550,"height":300,"caption":"Farol S.A."},{"@type":"BreadcrumbList","@id":"https:\/\/www.farol.ind.br\/view\/index.php\/marketing\/#breadcrumb","itemListElement":[{"@type":"ListItem","position":1,"name":"In\u00edcio","item":"https:\/\/www.farol.ind.br\/view\/"},{"@type":"ListItem","position":2,"name":"Marketing"}]},{"@type":"WebSite","@id":"https:\/\/www.farol.ind.br\/view\/#website","url":"https:\/\/www.farol.ind.br\/view\/","name":"Farol S.A.","description":"Coletamos os subprodutos de bovinos, su\u00ednos, aves e peixes e, atrav\u00e9s da nossa tecnologia de ponta, realizamos a fabrica\u00e7\u00e3o de  mat\u00e9rias-primas de alto padr\u00e3o que s\u00e3o utilizados como componentes para ra\u00e7\u00f5es animais e diversas ind\u00fastrias qu\u00edmicas.","publisher":{"@id":"https:\/\/www.farol.ind.br\/view\/#organization"},"potentialAction":[{"@type":"SearchAction","target":{"@type":"EntryPoint","urlTemplate":"https:\/\/www.farol.ind.br\/view\/?s={search_term_string}"},"query-input":{"@type":"PropertyValueSpecification","valueRequired":true,"valueName":"search_term_string"}}],"inLanguage":"pt-BR"},{"@type":"Organization","@id":"https:\/\/www.farol.ind.br\/view\/#organization","name":"Farol S.A.","url":"https:\/\/www.farol.ind.br\/view\/","logo":{"@type":"ImageObject","inLanguage":"pt-BR","@id":"https:\/\/www.farol.ind.br\/view\/#\/schema\/logo\/image\/","url":"http:\/\/www.farol.ind.br\/view\/wp-content\/uploads\/2022\/03\/logo-dark.png","contentUrl":"http:\/\/www.farol.ind.br\/view\/wp-content\/uploads\/2022\/03\/logo-dark.png","width":550,"height":300,"caption":"Farol S.A."},"image":{"@id":"https:\/\/www.farol.ind.br\/view\/#\/schema\/logo\/image\/"},"sameAs":["https:\/\/www.facebook.com\/FarolSA?_rdr","https:\/\/www.instagram.com\/farolindustria\/"]}]}},"_links":{"self":[{"href":"https:\/\/www.farol.ind.br\/view\/index.php\/wp-json\/wp\/v2\/pages\/1614","targetHints":{"allow":["GET"]}}],"collection":[{"href":"https:\/\/www.farol.ind.br\/view\/index.php\/wp-json\/wp\/v2\/pages"}],"about":[{"href":"https:\/\/www.farol.ind.br\/view\/index.php\/wp-json\/wp\/v2\/types\/page"}],"author":[{"embeddable":true,"href":"https:\/\/www.farol.ind.br\/view\/index.php\/wp-json\/wp\/v2\/users\/1"}],"replies":[{"embeddable":true,"href":"https:\/\/www.farol.ind.br\/view\/index.php\/wp-json\/wp\/v2\/comments?post=1614"}],"version-history":[{"count":14,"href":"https:\/\/www.farol.ind.br\/view\/index.php\/wp-json\/wp\/v2\/pages\/1614\/revisions"}],"predecessor-version":[{"id":1759,"href":"https:\/\/www.farol.ind.br\/view\/index.php\/wp-json\/wp\/v2\/pages\/1614\/revisions\/1759"}],"wp:attachment":[{"href":"https:\/\/www.farol.ind.br\/view\/index.php\/wp-json\/wp\/v2\/media?parent=1614"}],"curies":[{"name":"wp","href":"https:\/\/api.w.org\/{rel}","templated":true}]}}