{"id":257,"date":"2022-03-09T16:42:10","date_gmt":"2022-03-09T19:42:10","guid":{"rendered":"http:\/\/www.farol.ind.br\/view\/?page_id=257"},"modified":"2022-07-20T17:56:14","modified_gmt":"2022-07-20T20:56:14","slug":"divulgue-a-farol","status":"publish","type":"page","link":"https:\/\/www.farol.ind.br\/view\/index.php\/divulgue-a-farol\/","title":{"rendered":"Divulgue a Farol"},"content":{"rendered":"\t\t<div data-elementor-type=\"wp-page\" data-elementor-id=\"257\" class=\"elementor elementor-257\" data-elementor-post-type=\"page\">\n\t\t\t\t\t\t<section class=\"elementor-section elementor-top-section elementor-element elementor-element-a2c07e9 elementor-section-boxed elementor-section-height-default elementor-section-height-default\" data-id=\"a2c07e9\" data-element_type=\"section\" data-e-type=\"section\">\n\t\t\t\t\t\t<div class=\"elementor-container elementor-column-gap-default\">\n\t\t\t\t\t<div class=\"elementor-column elementor-col-100 elementor-top-column elementor-element elementor-element-54d0c10\" data-id=\"54d0c10\" data-element_type=\"column\" data-e-type=\"column\">\n\t\t\t<div class=\"elementor-widget-wrap elementor-element-populated\">\n\t\t\t\t\t\t<div class=\"elementor-element elementor-element-7c4a19d elementor-widget elementor-widget-image\" data-id=\"7c4a19d\" data-element_type=\"widget\" data-e-type=\"widget\" data-widget_type=\"image.default\">\n\t\t\t\t<div class=\"elementor-widget-container\">\n\t\t\t\t\t\t\t\t\t\t\t\t\t\t\t<img decoding=\"async\" src=\"https:\/\/www.farol.ind.br\/view\/wp-content\/uploads\/elementor\/thumbs\/cropped-android-chrome-512x512-1-plm5ep1n9gc38hl1u91dc29zxjr2ircye4t7da73io.png\" title=\"cropped-android-chrome-512&#215;512-1.png\" alt=\"cropped-android-chrome-512x512-1.png\" loading=\"lazy\" \/>\t\t\t\t\t\t\t\t\t\t\t\t\t\t\t<\/div>\n\t\t\t\t<\/div>\n\t\t\t\t<div class=\"elementor-element elementor-element-f0e1ae6 elementor-widget elementor-widget-heading\" data-id=\"f0e1ae6\" data-element_type=\"widget\" data-e-type=\"widget\" data-widget_type=\"heading.default\">\n\t\t\t\t<div class=\"elementor-widget-container\">\n\t\t\t\t\t<h2 class=\"elementor-heading-title elementor-size-default\">Divulgue a Farol<\/h2>\t\t\t\t<\/div>\n\t\t\t\t<\/div>\n\t\t\t\t<div class=\"elementor-element elementor-element-eb5952c elementor-widget elementor-widget-heading\" data-id=\"eb5952c\" data-element_type=\"widget\" data-e-type=\"widget\" data-widget_type=\"heading.default\">\n\t\t\t\t<div class=\"elementor-widget-container\">\n\t\t\t\t\t<h3 class=\"elementor-heading-title elementor-size-default\">Tem uma proposta alinhada \u00e0 miss\u00e3o, vis\u00e3o e valores da Farol? Envie seu projeto para nossa avalia\u00e7\u00e3o.<\/h3>\t\t\t\t<\/div>\n\t\t\t\t<\/div>\n\t\t\t\t<div class=\"elementor-element elementor-element-48c1650 elementor-widget elementor-widget-shortcode\" data-id=\"48c1650\" data-element_type=\"widget\" data-e-type=\"widget\" data-widget_type=\"shortcode.default\">\n\t\t\t\t<div class=\"elementor-widget-container\">\n\t\t\t\t\t\t\t<div class=\"elementor-shortcode\">\n<div class=\"wpcf7 no-js\" id=\"wpcf7-f378-o1\" lang=\"pt-BR\" dir=\"ltr\" data-wpcf7-id=\"378\">\n<div class=\"screen-reader-response\"><p role=\"status\" aria-live=\"polite\" aria-atomic=\"true\"><\/p> <ul><\/ul><\/div>\n<form action=\"\/view\/index.php\/wp-json\/wp\/v2\/pages\/257#wpcf7-f378-o1\" method=\"post\" class=\"wpcf7-form init\" aria-label=\"Formul\u00e1rios de contato\" enctype=\"multipart\/form-data\" novalidate=\"novalidate\" data-status=\"init\">\n<fieldset class=\"hidden-fields-container\"><input type=\"hidden\" name=\"_wpcf7\" value=\"378\" \/><input type=\"hidden\" name=\"_wpcf7_version\" value=\"6.1.5\" \/><input type=\"hidden\" name=\"_wpcf7_locale\" value=\"pt_BR\" \/><input type=\"hidden\" name=\"_wpcf7_unit_tag\" value=\"wpcf7-f378-o1\" \/><input type=\"hidden\" name=\"_wpcf7_container_post\" value=\"0\" \/><input type=\"hidden\" name=\"_wpcf7_posted_data_hash\" value=\"\" \/><input type=\"hidden\" name=\"_wpcf7_recaptcha_response\" value=\"\" \/>\n<\/fieldset>\n<p><label> *Nome<br \/>\n<span class=\"wpcf7-form-control-wrap\" data-name=\"your-name\"><input size=\"40\" maxlength=\"400\" class=\"wpcf7-form-control wpcf7-text wpcf7-validates-as-required\" aria-required=\"true\" aria-invalid=\"false\" value=\"\" type=\"text\" name=\"your-name\" \/><\/span> <\/label>\n<\/p>\n<p><label> *E-mail<br \/>\n<span class=\"wpcf7-form-control-wrap\" data-name=\"your-email\"><input size=\"40\" maxlength=\"400\" class=\"wpcf7-form-control wpcf7-email wpcf7-validates-as-required wpcf7-text wpcf7-validates-as-email\" aria-required=\"true\" aria-invalid=\"false\" value=\"\" type=\"email\" name=\"your-email\" \/><\/span> <\/label><br \/>\n<label> *Telefone<br \/>\n<span class=\"wpcf7-form-control-wrap\" data-name=\"tel-204\"><input size=\"40\" maxlength=\"400\" class=\"wpcf7-form-control wpcf7-tel wpcf7-validates-as-required wpcf7-text wpcf7-validates-as-tel\" aria-required=\"true\" aria-invalid=\"false\" value=\"\" type=\"tel\" name=\"tel-204\" \/><\/span> <\/label><br \/>\n<label> *Nome do Projeto<br \/>\n<span class=\"wpcf7-form-control-wrap\" data-name=\"text-324\"><input size=\"40\" maxlength=\"400\" class=\"wpcf7-form-control wpcf7-text wpcf7-validates-as-required\" aria-required=\"true\" aria-invalid=\"false\" value=\"\" type=\"text\" name=\"text-324\" \/><\/span> <\/label><br \/>\n<label> *Objetivo do Projeto<br \/>\n<span class=\"wpcf7-form-control-wrap\" data-name=\"text-325\"><input size=\"40\" maxlength=\"400\" class=\"wpcf7-form-control wpcf7-text wpcf7-validates-as-required\" aria-required=\"true\" aria-invalid=\"false\" value=\"\" type=\"text\" name=\"text-325\" \/><\/span> <\/label><br \/>\n<label> *Mensagem<br \/>\n<span class=\"wpcf7-form-control-wrap\" data-name=\"your-message\"><textarea cols=\"40\" rows=\"10\" maxlength=\"2000\" class=\"wpcf7-form-control wpcf7-textarea\" aria-invalid=\"false\" name=\"your-message\"><\/textarea><\/span> <\/label><br \/>\n<label> Enviar Arquivo<br \/>\n<span class=\"wpcf7-form-control-wrap\" data-name=\"file-519\"><input size=\"40\" class=\"wpcf7-form-control wpcf7-file\" accept=\"audio\/*,video\/*,image\/*\" aria-invalid=\"false\" type=\"file\" name=\"file-519\" \/><\/span> <\/label>\n<\/p>\n<p><input class=\"wpcf7-form-control wpcf7-submit has-spinner\" type=\"submit\" value=\"Enviar\" \/>\n<\/p><div class=\"wpcf7-response-output\" aria-hidden=\"true\"><\/div>\n<\/form>\n<\/div>\n<\/div>\n\t\t\t\t\t\t<\/div>\n\t\t\t\t<\/div>\n\t\t\t\t\t<\/div>\n\t\t<\/div>\n\t\t\t\t\t<\/div>\n\t\t<\/section>\n\t\t\t\t<\/div>\n\t\t","protected":false},"excerpt":{"rendered":"<p>Divulgue a Farol Tem uma proposta alinhada \u00e0 miss\u00e3o, vis\u00e3o e valores da Farol? Envie seu projeto para nossa avalia\u00e7\u00e3o.<\/p>\n","protected":false},"author":1,"featured_media":0,"parent":0,"menu_order":0,"comment_status":"closed","ping_status":"closed","template":"elementor_header_footer","meta":{"footnotes":""},"class_list":["post-257","page","type-page","status-publish","hentry"],"yoast_head":"<!-- This site is optimized with the Yoast SEO plugin v27.5 - https:\/\/yoast.com\/product\/yoast-seo-wordpress\/ -->\n<title>Divulgue a Farol - Farol S.A.<\/title>\n<meta name=\"robots\" content=\"index, follow, max-snippet:-1, max-image-preview:large, max-video-preview:-1\" \/>\n<link rel=\"canonical\" href=\"https:\/\/www.farol.ind.br\/view\/index.php\/divulgue-a-farol\/\" \/>\n<meta property=\"og:locale\" content=\"pt_BR\" \/>\n<meta property=\"og:type\" content=\"article\" \/>\n<meta property=\"og:title\" content=\"Divulgue a Farol - Farol S.A.\" \/>\n<meta property=\"og:description\" content=\"Divulgue a Farol Tem uma proposta alinhada \u00e0 miss\u00e3o, vis\u00e3o e valores da Farol? Envie seu projeto para nossa avalia\u00e7\u00e3o.\" \/>\n<meta property=\"og:url\" content=\"https:\/\/www.farol.ind.br\/view\/index.php\/divulgue-a-farol\/\" \/>\n<meta property=\"og:site_name\" content=\"Farol S.A.\" \/>\n<meta property=\"article:publisher\" content=\"https:\/\/www.facebook.com\/FarolSA?_rdr\" \/>\n<meta property=\"article:modified_time\" content=\"2022-07-20T20:56:14+00:00\" \/>\n<meta property=\"og:image\" content=\"http:\/\/www.farol.ind.br\/view\/wp-content\/uploads\/elementor\/thumbs\/cropped-android-chrome-512x512-1-plm5ep1n9gc38hl1u91dc29zxjr2ircye4t7da73io.png\" \/>\n<meta name=\"twitter:card\" content=\"summary_large_image\" \/>\n<script type=\"application\/ld+json\" class=\"yoast-schema-graph\">{\"@context\":\"https:\\\/\\\/schema.org\",\"@graph\":[{\"@type\":\"WebPage\",\"@id\":\"https:\\\/\\\/www.farol.ind.br\\\/view\\\/index.php\\\/divulgue-a-farol\\\/\",\"url\":\"https:\\\/\\\/www.farol.ind.br\\\/view\\\/index.php\\\/divulgue-a-farol\\\/\",\"name\":\"Divulgue a Farol - Farol S.A.\",\"isPartOf\":{\"@id\":\"https:\\\/\\\/www.farol.ind.br\\\/view\\\/#website\"},\"primaryImageOfPage\":{\"@id\":\"https:\\\/\\\/www.farol.ind.br\\\/view\\\/index.php\\\/divulgue-a-farol\\\/#primaryimage\"},\"image\":{\"@id\":\"https:\\\/\\\/www.farol.ind.br\\\/view\\\/index.php\\\/divulgue-a-farol\\\/#primaryimage\"},\"thumbnailUrl\":\"http:\\\/\\\/www.farol.ind.br\\\/view\\\/wp-content\\\/uploads\\\/elementor\\\/thumbs\\\/cropped-android-chrome-512x512-1-plm5ep1n9gc38hl1u91dc29zxjr2ircye4t7da73io.png\",\"datePublished\":\"2022-03-09T19:42:10+00:00\",\"dateModified\":\"2022-07-20T20:56:14+00:00\",\"breadcrumb\":{\"@id\":\"https:\\\/\\\/www.farol.ind.br\\\/view\\\/index.php\\\/divulgue-a-farol\\\/#breadcrumb\"},\"inLanguage\":\"pt-BR\",\"potentialAction\":[{\"@type\":\"ReadAction\",\"target\":[\"https:\\\/\\\/www.farol.ind.br\\\/view\\\/index.php\\\/divulgue-a-farol\\\/\"]}]},{\"@type\":\"ImageObject\",\"inLanguage\":\"pt-BR\",\"@id\":\"https:\\\/\\\/www.farol.ind.br\\\/view\\\/index.php\\\/divulgue-a-farol\\\/#primaryimage\",\"url\":\"http:\\\/\\\/www.farol.ind.br\\\/view\\\/wp-content\\\/uploads\\\/elementor\\\/thumbs\\\/cropped-android-chrome-512x512-1-plm5ep1n9gc38hl1u91dc29zxjr2ircye4t7da73io.png\",\"contentUrl\":\"http:\\\/\\\/www.farol.ind.br\\\/view\\\/wp-content\\\/uploads\\\/elementor\\\/thumbs\\\/cropped-android-chrome-512x512-1-plm5ep1n9gc38hl1u91dc29zxjr2ircye4t7da73io.png\"},{\"@type\":\"BreadcrumbList\",\"@id\":\"https:\\\/\\\/www.farol.ind.br\\\/view\\\/index.php\\\/divulgue-a-farol\\\/#breadcrumb\",\"itemListElement\":[{\"@type\":\"ListItem\",\"position\":1,\"name\":\"In\u00edcio\",\"item\":\"https:\\\/\\\/www.farol.ind.br\\\/view\\\/\"},{\"@type\":\"ListItem\",\"position\":2,\"name\":\"Divulgue a Farol\"}]},{\"@type\":\"WebSite\",\"@id\":\"https:\\\/\\\/www.farol.ind.br\\\/view\\\/#website\",\"url\":\"https:\\\/\\\/www.farol.ind.br\\\/view\\\/\",\"name\":\"Farol S.A.\",\"description\":\"Coletamos os subprodutos de bovinos, su\u00ednos, aves e peixes e, atrav\u00e9s da nossa tecnologia de ponta, realizamos a fabrica\u00e7\u00e3o de  mat\u00e9rias-primas de alto padr\u00e3o que s\u00e3o utilizados como componentes para ra\u00e7\u00f5es animais e diversas ind\u00fastrias qu\u00edmicas.\",\"publisher\":{\"@id\":\"https:\\\/\\\/www.farol.ind.br\\\/view\\\/#organization\"},\"potentialAction\":[{\"@type\":\"SearchAction\",\"target\":{\"@type\":\"EntryPoint\",\"urlTemplate\":\"https:\\\/\\\/www.farol.ind.br\\\/view\\\/?s={search_term_string}\"},\"query-input\":{\"@type\":\"PropertyValueSpecification\",\"valueRequired\":true,\"valueName\":\"search_term_string\"}}],\"inLanguage\":\"pt-BR\"},{\"@type\":\"Organization\",\"@id\":\"https:\\\/\\\/www.farol.ind.br\\\/view\\\/#organization\",\"name\":\"Farol S.A.\",\"url\":\"https:\\\/\\\/www.farol.ind.br\\\/view\\\/\",\"logo\":{\"@type\":\"ImageObject\",\"inLanguage\":\"pt-BR\",\"@id\":\"https:\\\/\\\/www.farol.ind.br\\\/view\\\/#\\\/schema\\\/logo\\\/image\\\/\",\"url\":\"http:\\\/\\\/www.farol.ind.br\\\/view\\\/wp-content\\\/uploads\\\/2022\\\/03\\\/logo-dark.png\",\"contentUrl\":\"http:\\\/\\\/www.farol.ind.br\\\/view\\\/wp-content\\\/uploads\\\/2022\\\/03\\\/logo-dark.png\",\"width\":550,\"height\":300,\"caption\":\"Farol S.A.\"},\"image\":{\"@id\":\"https:\\\/\\\/www.farol.ind.br\\\/view\\\/#\\\/schema\\\/logo\\\/image\\\/\"},\"sameAs\":[\"https:\\\/\\\/www.facebook.com\\\/FarolSA?_rdr\",\"https:\\\/\\\/www.instagram.com\\\/farolindustria\\\/\"]}]}<\/script>\n<!-- \/ Yoast SEO plugin. -->","yoast_head_json":{"title":"Divulgue a Farol - Farol S.A.","robots":{"index":"index","follow":"follow","max-snippet":"max-snippet:-1","max-image-preview":"max-image-preview:large","max-video-preview":"max-video-preview:-1"},"canonical":"https:\/\/www.farol.ind.br\/view\/index.php\/divulgue-a-farol\/","og_locale":"pt_BR","og_type":"article","og_title":"Divulgue a Farol - Farol S.A.","og_description":"Divulgue a Farol Tem uma proposta alinhada \u00e0 miss\u00e3o, vis\u00e3o e valores da Farol? Envie seu projeto para nossa avalia\u00e7\u00e3o.","og_url":"https:\/\/www.farol.ind.br\/view\/index.php\/divulgue-a-farol\/","og_site_name":"Farol S.A.","article_publisher":"https:\/\/www.facebook.com\/FarolSA?_rdr","article_modified_time":"2022-07-20T20:56:14+00:00","og_image":[{"url":"http:\/\/www.farol.ind.br\/view\/wp-content\/uploads\/elementor\/thumbs\/cropped-android-chrome-512x512-1-plm5ep1n9gc38hl1u91dc29zxjr2ircye4t7da73io.png","type":"","width":"","height":""}],"twitter_card":"summary_large_image","schema":{"@context":"https:\/\/schema.org","@graph":[{"@type":"WebPage","@id":"https:\/\/www.farol.ind.br\/view\/index.php\/divulgue-a-farol\/","url":"https:\/\/www.farol.ind.br\/view\/index.php\/divulgue-a-farol\/","name":"Divulgue a Farol - Farol S.A.","isPartOf":{"@id":"https:\/\/www.farol.ind.br\/view\/#website"},"primaryImageOfPage":{"@id":"https:\/\/www.farol.ind.br\/view\/index.php\/divulgue-a-farol\/#primaryimage"},"image":{"@id":"https:\/\/www.farol.ind.br\/view\/index.php\/divulgue-a-farol\/#primaryimage"},"thumbnailUrl":"http:\/\/www.farol.ind.br\/view\/wp-content\/uploads\/elementor\/thumbs\/cropped-android-chrome-512x512-1-plm5ep1n9gc38hl1u91dc29zxjr2ircye4t7da73io.png","datePublished":"2022-03-09T19:42:10+00:00","dateModified":"2022-07-20T20:56:14+00:00","breadcrumb":{"@id":"https:\/\/www.farol.ind.br\/view\/index.php\/divulgue-a-farol\/#breadcrumb"},"inLanguage":"pt-BR","potentialAction":[{"@type":"ReadAction","target":["https:\/\/www.farol.ind.br\/view\/index.php\/divulgue-a-farol\/"]}]},{"@type":"ImageObject","inLanguage":"pt-BR","@id":"https:\/\/www.farol.ind.br\/view\/index.php\/divulgue-a-farol\/#primaryimage","url":"http:\/\/www.farol.ind.br\/view\/wp-content\/uploads\/elementor\/thumbs\/cropped-android-chrome-512x512-1-plm5ep1n9gc38hl1u91dc29zxjr2ircye4t7da73io.png","contentUrl":"http:\/\/www.farol.ind.br\/view\/wp-content\/uploads\/elementor\/thumbs\/cropped-android-chrome-512x512-1-plm5ep1n9gc38hl1u91dc29zxjr2ircye4t7da73io.png"},{"@type":"BreadcrumbList","@id":"https:\/\/www.farol.ind.br\/view\/index.php\/divulgue-a-farol\/#breadcrumb","itemListElement":[{"@type":"ListItem","position":1,"name":"In\u00edcio","item":"https:\/\/www.farol.ind.br\/view\/"},{"@type":"ListItem","position":2,"name":"Divulgue a Farol"}]},{"@type":"WebSite","@id":"https:\/\/www.farol.ind.br\/view\/#website","url":"https:\/\/www.farol.ind.br\/view\/","name":"Farol S.A.","description":"Coletamos os subprodutos de bovinos, su\u00ednos, aves e peixes e, atrav\u00e9s da nossa tecnologia de ponta, realizamos a fabrica\u00e7\u00e3o de  mat\u00e9rias-primas de alto padr\u00e3o que s\u00e3o utilizados como componentes para ra\u00e7\u00f5es animais e diversas ind\u00fastrias qu\u00edmicas.","publisher":{"@id":"https:\/\/www.farol.ind.br\/view\/#organization"},"potentialAction":[{"@type":"SearchAction","target":{"@type":"EntryPoint","urlTemplate":"https:\/\/www.farol.ind.br\/view\/?s={search_term_string}"},"query-input":{"@type":"PropertyValueSpecification","valueRequired":true,"valueName":"search_term_string"}}],"inLanguage":"pt-BR"},{"@type":"Organization","@id":"https:\/\/www.farol.ind.br\/view\/#organization","name":"Farol S.A.","url":"https:\/\/www.farol.ind.br\/view\/","logo":{"@type":"ImageObject","inLanguage":"pt-BR","@id":"https:\/\/www.farol.ind.br\/view\/#\/schema\/logo\/image\/","url":"http:\/\/www.farol.ind.br\/view\/wp-content\/uploads\/2022\/03\/logo-dark.png","contentUrl":"http:\/\/www.farol.ind.br\/view\/wp-content\/uploads\/2022\/03\/logo-dark.png","width":550,"height":300,"caption":"Farol S.A."},"image":{"@id":"https:\/\/www.farol.ind.br\/view\/#\/schema\/logo\/image\/"},"sameAs":["https:\/\/www.facebook.com\/FarolSA?_rdr","https:\/\/www.instagram.com\/farolindustria\/"]}]}},"_links":{"self":[{"href":"https:\/\/www.farol.ind.br\/view\/index.php\/wp-json\/wp\/v2\/pages\/257","targetHints":{"allow":["GET"]}}],"collection":[{"href":"https:\/\/www.farol.ind.br\/view\/index.php\/wp-json\/wp\/v2\/pages"}],"about":[{"href":"https:\/\/www.farol.ind.br\/view\/index.php\/wp-json\/wp\/v2\/types\/page"}],"author":[{"embeddable":true,"href":"https:\/\/www.farol.ind.br\/view\/index.php\/wp-json\/wp\/v2\/users\/1"}],"replies":[{"embeddable":true,"href":"https:\/\/www.farol.ind.br\/view\/index.php\/wp-json\/wp\/v2\/comments?post=257"}],"version-history":[{"count":19,"href":"https:\/\/www.farol.ind.br\/view\/index.php\/wp-json\/wp\/v2\/pages\/257\/revisions"}],"predecessor-version":[{"id":782,"href":"https:\/\/www.farol.ind.br\/view\/index.php\/wp-json\/wp\/v2\/pages\/257\/revisions\/782"}],"wp:attachment":[{"href":"https:\/\/www.farol.ind.br\/view\/index.php\/wp-json\/wp\/v2\/media?parent=257"}],"curies":[{"name":"wp","href":"https:\/\/api.w.org\/{rel}","templated":true}]}}