{"id":259,"date":"2022-03-09T16:43:03","date_gmt":"2022-03-09T19:43:03","guid":{"rendered":"http:\/\/www.farol.ind.br\/view\/?page_id=259"},"modified":"2022-11-16T11:29:01","modified_gmt":"2022-11-16T14:29:01","slug":"politica-de-cookies","status":"publish","type":"page","link":"https:\/\/www.farol.ind.br\/view\/index.php\/politica-de-cookies\/","title":{"rendered":"Pol\u00edtica de Cookies"},"content":{"rendered":"\t\t<div data-elementor-type=\"wp-page\" data-elementor-id=\"259\" class=\"elementor elementor-259\" data-elementor-post-type=\"page\">\n\t\t\t\t\t\t<section class=\"elementor-section elementor-top-section elementor-element elementor-element-4b556f6 elementor-section-boxed elementor-section-height-default elementor-section-height-default\" data-id=\"4b556f6\" data-element_type=\"section\" data-e-type=\"section\">\n\t\t\t\t\t\t<div class=\"elementor-container elementor-column-gap-default\">\n\t\t\t\t\t<div class=\"elementor-column elementor-col-100 elementor-top-column elementor-element elementor-element-122bbf6\" data-id=\"122bbf6\" data-element_type=\"column\" data-e-type=\"column\">\n\t\t\t<div class=\"elementor-widget-wrap elementor-element-populated\">\n\t\t\t\t\t\t<div class=\"elementor-element elementor-element-fea5029 elementor-widget elementor-widget-image\" data-id=\"fea5029\" data-element_type=\"widget\" data-e-type=\"widget\" data-widget_type=\"image.default\">\n\t\t\t\t<div class=\"elementor-widget-container\">\n\t\t\t\t\t\t\t\t\t\t\t\t\t\t\t<img decoding=\"async\" src=\"https:\/\/www.farol.ind.br\/view\/wp-content\/uploads\/elementor\/thumbs\/android-chrome-512x512-1-plm5e5b19xl2godq1ii7dp9bgggd146lbf40ah0d5c.png\" title=\"512&#215;512\" alt=\"Farol S.A.\" loading=\"lazy\" \/>\t\t\t\t\t\t\t\t\t\t\t\t\t\t\t<\/div>\n\t\t\t\t<\/div>\n\t\t\t\t<div class=\"elementor-element elementor-element-475fc95 elementor-widget elementor-widget-heading\" data-id=\"475fc95\" data-element_type=\"widget\" data-e-type=\"widget\" data-widget_type=\"heading.default\">\n\t\t\t\t<div class=\"elementor-widget-container\">\n\t\t\t\t\t<h2 class=\"elementor-heading-title elementor-size-default\">LGPD - Pol\u00edtica de Cookies<\/h2>\t\t\t\t<\/div>\n\t\t\t\t<\/div>\n\t\t\t\t<div class=\"elementor-element elementor-element-6f4a6c8 elementor-widget elementor-widget-text-editor\" data-id=\"6f4a6c8\" data-element_type=\"widget\" data-e-type=\"widget\" data-widget_type=\"text-editor.default\">\n\t\t\t\t<div class=\"elementor-widget-container\">\n\t\t\t\t\t\t\t\t\t<p>Nossa miss\u00e3o \u00e9 formar parceiros para transformar produtos animais n\u00e3o comest\u00edveis em solu\u00e7\u00f5es sustent\u00e1veis, contribuindo para o meio ambiente com seguran\u00e7a, qualidade e inova\u00e7\u00e3o.<\/p>\n<p>Fazer isto com transpar\u00eancia, informando como seus dados s\u00e3o utilizados, \u00e9 extremamente importante, por isso valorizamos e respeitamos essas informa\u00e7\u00f5es.<\/p>\n<p>Esta Pol\u00edtica de Cookies (\u201cPol\u00edtica\u201d) n\u00e3o \u00e9 um contrato e n\u00e3o cria nenhum direito ou obriga\u00e7\u00e3o legal, mas s\u00e3o diretrizes referentes ao nosso uso de cookies, sendo aplicada em todo site farol.ind.br (\u201cSite\u201d).<\/p>\n<p>Nesta pol\u00edtica usamos o termo \u201ccookies\u201d para nos referirmos aos cookies, web beacons e outras tecnologias similares.<\/p>\n<p>Para maiores informa\u00e7\u00f5es sobre o nosso uso de dados pessoais, leia nossa Pol\u00edtica de Privacidade.<\/p>\n<h5><strong>A Farol.ind.br usa cookies?<\/strong><\/h5>\n<p>Sim, utilizamos cookies e outras tecnologias similares para que aqueles que acessam o Site da Farol tenham a melhor experi\u00eancia poss\u00edvel.<\/p>\n<p>Ao continuar a visitar o Site ou usar nossos servi\u00e7os, voc\u00ea est\u00e1 concordando com a utiliza\u00e7\u00e3o de cookies e tecnologias semelhantes para os fins descritos especificamente nesta pol\u00edtica.<\/p>\n<h5>O que \u00e9 um cookie?<\/h5>\n<p>Um cookie \u00e9 um pequeno arquivo adicionado ao seu dispositivo ou computador que permite ativar os recursos e funcionalidades do Site da Farol. Por exemplo, os cookies nos permitem identificar o seu dispositivo ou computador, viabilizando entrar e sair do Site da Patense com seguran\u00e7a.<\/p>\n<h5>Quando a Farol utiliza cookies?<\/h5>\n<p>A Farol utiliza cookies em seu Site. Todos os navegadores que visitarem esse Site receber\u00e3o nossos cookies.<\/p>\n<h5>Que tipos de cookies a Farol utiliza?<\/h5>\n<p><strong>Cookies estritamente necess\u00e1rios<\/strong><\/p>\n<p>Utilizamos cookies pr\u00f3prios para coletar dados de seu dispositivo e sistema de modo a mant\u00ea-lo conectado e para que o website seja apresentado da maneira mais adequada e otimizada \u00e0 sua visualiza\u00e7\u00e3o \u2013 esses cookies s\u00e3o recuperados a cada visita ao website e possuem prazo de expira\u00e7\u00e3o de 7 dias.<\/p>\n<p><strong>Cookies de desempenho<\/strong><\/p>\n<p>Utilizamos cookies de terceiros para analisar seu comportamento enquanto usu\u00e1rio de nosso website, de modo que possamos identificar links pouco utilizados, dificuldades de navega\u00e7\u00e3o, fun\u00e7\u00f5es pouco amig\u00e1veis, entre outros problemas para a experi\u00eancia de nossos clientes no nosso website \u2013 esses cookies expiram conforme definido pelas empresas respons\u00e1veis e temos acesso apenas a dados sem identifica\u00e7\u00e3o (i.e. anonimizados), que s\u00e3o suficientes para nossas an\u00e1lises.<\/p>\n<p><strong>Cookies de publicidade<\/strong><\/p>\n<p>Utilizamos cookies de terceiros para obter informa\u00e7\u00f5es sobre suas prefer\u00eancias de acordo com a sua navega\u00e7\u00e3o pelo nosso website, incluindo p\u00e1ginas acessadas, sites de onde voc\u00ea veio e para onde voc\u00ea foi, n\u00fameros identificadores, tipo de navegador e sistema operacional, modelo e tipo de dispositivo usado e n\u00fameros identificadores do dispositivo, localiza\u00e7\u00e3o, de modo que possamos entender o impacto de nossas campanhas \u2013 esses cookies expiram conforme definido pelas empresas em quest\u00e3o e temos acesso apenas a dados sem identifica\u00e7\u00e3o (i.e. anonimizados), mas parte da informa\u00e7\u00e3o individualizada sobre voc\u00ea \u00e9 coletada pelas empresas para entregar publicidade, inclusive em outros sites, de acordo com o seus padr\u00f5es de comportamento ao navegar pela web.<\/p>\n<p>Voc\u00ea pode, a qualquer tempo e sem nenhum custo, alterar as permiss\u00f5es, bloquear ou recusar os Cookies. Todavia, a revoga\u00e7\u00e3o do consentimento de determinados Cookies pode inviabilizar o funcionamento correto de alguns recursos do site.<\/p>\n<p>Para gerenciar os cookies do seu navegador, basta faz\u00ea-lo diretamente nas configura\u00e7\u00f5es do navegador, na \u00e1rea de gest\u00e3o de Cookies. Voc\u00ea pode acessar tutoriais sobre o tema diretamente nos links abaixo:<\/p>\n<p>Se voc\u00ea usa o&nbsp;<a href=\"https:\/\/support.microsoft.com\/pt-br\/help\/17442\/windows-internet-explorer-delete-manage-cookies\" target=\"_blank\">Internet Explorer<\/a>.<\/p>\n<p>Se voc\u00ea usa o&nbsp;<a href=\"https:\/\/support.mozilla.org\/pt-BR\/kb\/gerencie-configuracoes-de-armazenamento-local-de-s\" target=\"_blank\">Firefox<\/a>.<\/p>\n<p>Se voc\u00ea usa o&nbsp;<a href=\"https:\/\/support.apple.com\/pt-br\/guide\/safari\/sfri11471\/mac\" target=\"_blank\">Safari<\/a>.<\/p>\n<p>Se voc\u00ea usa o&nbsp;<a href=\"https:\/\/support.google.com\/chrome\/answer\/95647?co=GENIE.Platform%3DDesktop&amp;oco=1&amp;hl=pt-BR\" target=\"_blank\">Google Chrome<\/a>.<\/p>\n<p>Se voc\u00ea usa o&nbsp;<a href=\"https:\/\/support.microsoft.com\/pt-br\/help\/4027947\/microsoft-edge-delete-cookies\" target=\"_blank\">Microsoft Edge<\/a>.<\/p>\n<p>Se voc\u00ea usa o&nbsp;<a href=\"https:\/\/help.opera.com\/en\/latest\/web-preferences\/#cookies\" target=\"_blank\">Opera<\/a>.<\/p>\n<h5>Para que os cookies s\u00e3o utilizados?<\/h5>\n<p>Os cookies podem ser utilizados para reconhec\u00ea-lo quando voc\u00ea acessa o Site da Farol, para armazenar suas prefer\u00eancias e para proporcionar uma experi\u00eancia mais personalizada de acordo com suas configura\u00e7\u00f5es.<\/p>\n<p>Os cookies tamb\u00e9m tornam suas intera\u00e7\u00f5es com a Farol mais r\u00e1pidas e seguras.<\/p>\n<h5>Controle de cookies<\/h5>\n<p>A maioria dos navegadores permite que voc\u00ea controle cookies em suas configura\u00e7\u00f5es.<\/p>\n<p>Entretanto, se voc\u00ea limitar a utiliza\u00e7\u00e3o de cookies, voc\u00ea n\u00e3o ter\u00e1 a experi\u00eancia que preparamos para voc\u00ea, pois n\u00e3o haver\u00e1 mais a personaliza\u00e7\u00e3o.<\/p>\n<p>Voc\u00ea tamb\u00e9m poder\u00e1 impedir que configura\u00e7\u00f5es personalizadas sejam salvas, como, por exemplo, nome de usu\u00e1rio e senha.<\/p>\n<h5>Como desativar ou remover os cookies?<\/h5>\n<p>Voc\u00ea pode escolher rejeitar ou bloquear tipos espec\u00edficos de cookies que n\u00e3o sejam essenciais para o funcionamento do Site, configurados atrav\u00e9s da sua visita ao nosso Site ao clicar nas prefer\u00eancias de cookies em nossa central de privacidade.<\/p>\n<p>Por\u00e9m, se voc\u00ea rejeitar ou apagar a utiliza\u00e7\u00e3o de cookies obrigat\u00f3rios e essenciais para o funcionamento do Site (alterando cookies diretamente no navegador), algumas das fun\u00e7\u00f5es do Site poder\u00e3o n\u00e3o funcionar corretamente e o Site, na sua pr\u00f3xima visita, poder\u00e1 n\u00e3o lembrar quais cookies voc\u00ea desativou. Por exemplo, se voc\u00ea desativar o cookie que identifica o usu\u00e1rio.<\/p>\n<p>Dessa forma, ao utilizar o nosso Site sem apagar ou rejeitar os cookies obrigat\u00f3rios, voc\u00ea concorda que podemos posicionar os cookies que voc\u00ea n\u00e3o apagou ou rejeitou nos seus dispositivos, para que o Site funcione normalmente e respeite a sua decis\u00e3o.<\/p>\n<h5>Altera\u00e7\u00f5es da Pol\u00edtica de Cookies<\/h5>\n<p>A Farol pode alterar esta Pol\u00edtica de Cookies conforme necess\u00e1rio e a qualquer tempo, sendo as altera\u00e7\u00f5es informadas com destaque em nosso site.<\/p>\n<h5>Entre em contato<\/h5>\n<p>Se voc\u00ea tiver d\u00favidas ou achar que suas preocupa\u00e7\u00f5es n\u00e3o foram tratadas nesta Pol\u00edtica, entre em contato com nossa Encarregada de Prote\u00e7\u00e3o de Dados (Denise Rodrigues Vila\u00e7a), enviando um e-mail para <strong><a href=\"mailto:lgpd@patense.com.br\">lgpd@patense.com.br<\/a>.<\/strong><\/p>\t\t\t\t\t\t\t\t<\/div>\n\t\t\t\t<\/div>\n\t\t\t\t\t<\/div>\n\t\t<\/div>\n\t\t\t\t\t<\/div>\n\t\t<\/section>\n\t\t\t\t<\/div>\n\t\t","protected":false},"excerpt":{"rendered":"<p>LGPD &#8211; Pol\u00edtica de Cookies Nossa miss\u00e3o \u00e9 formar parceiros para transformar produtos animais n\u00e3o comest\u00edveis em solu\u00e7\u00f5es sustent\u00e1veis, contribuindo para o meio ambiente com seguran\u00e7a, qualidade e inova\u00e7\u00e3o. Fazer isto com transpar\u00eancia, informando como seus dados s\u00e3o utilizados, \u00e9 extremamente importante, por isso valorizamos e respeitamos essas informa\u00e7\u00f5es. Esta Pol\u00edtica de Cookies (\u201cPol\u00edtica\u201d) n\u00e3o [&hellip;]<\/p>\n","protected":false},"author":1,"featured_media":0,"parent":0,"menu_order":0,"comment_status":"closed","ping_status":"closed","template":"elementor_header_footer","meta":{"footnotes":""},"class_list":["post-259","page","type-page","status-publish","hentry"],"yoast_head":"<!-- This site is optimized with the Yoast SEO plugin v27.5 - https:\/\/yoast.com\/product\/yoast-seo-wordpress\/ -->\n<title>Pol\u00edtica de Cookies - Farol S.A.<\/title>\n<meta name=\"robots\" content=\"index, follow, max-snippet:-1, max-image-preview:large, max-video-preview:-1\" \/>\n<link rel=\"canonical\" href=\"https:\/\/www.farol.ind.br\/view\/index.php\/politica-de-cookies\/\" \/>\n<meta property=\"og:locale\" content=\"pt_BR\" \/>\n<meta property=\"og:type\" content=\"article\" \/>\n<meta property=\"og:title\" content=\"Pol\u00edtica de Cookies - Farol S.A.\" \/>\n<meta property=\"og:description\" content=\"LGPD &#8211; Pol\u00edtica de Cookies Nossa miss\u00e3o \u00e9 formar parceiros para transformar produtos animais n\u00e3o comest\u00edveis em solu\u00e7\u00f5es sustent\u00e1veis, contribuindo para o meio ambiente com seguran\u00e7a, qualidade e inova\u00e7\u00e3o. Fazer isto com transpar\u00eancia, informando como seus dados s\u00e3o utilizados, \u00e9 extremamente importante, por isso valorizamos e respeitamos essas informa\u00e7\u00f5es. Esta Pol\u00edtica de Cookies (\u201cPol\u00edtica\u201d) n\u00e3o [&hellip;]\" \/>\n<meta property=\"og:url\" content=\"https:\/\/www.farol.ind.br\/view\/index.php\/politica-de-cookies\/\" \/>\n<meta property=\"og:site_name\" content=\"Farol S.A.\" \/>\n<meta property=\"article:publisher\" content=\"https:\/\/www.facebook.com\/FarolSA?_rdr\" \/>\n<meta property=\"article:modified_time\" content=\"2022-11-16T14:29:01+00:00\" \/>\n<meta property=\"og:image\" content=\"https:\/\/www.farol.ind.br\/view\/wp-content\/uploads\/elementor\/thumbs\/android-chrome-512x512-1-plm5e5b19xl2godq1ii7dp9bgggd146lbf40ah0d5c.png\" \/>\n<meta name=\"twitter:card\" content=\"summary_large_image\" \/>\n<meta name=\"twitter:label1\" content=\"Est. tempo de leitura\" \/>\n\t<meta name=\"twitter:data1\" content=\"5 minutos\" \/>\n<script type=\"application\/ld+json\" class=\"yoast-schema-graph\">{\"@context\":\"https:\\\/\\\/schema.org\",\"@graph\":[{\"@type\":\"WebPage\",\"@id\":\"https:\\\/\\\/www.farol.ind.br\\\/view\\\/index.php\\\/politica-de-cookies\\\/\",\"url\":\"https:\\\/\\\/www.farol.ind.br\\\/view\\\/index.php\\\/politica-de-cookies\\\/\",\"name\":\"Pol\u00edtica de Cookies - Farol S.A.\",\"isPartOf\":{\"@id\":\"https:\\\/\\\/www.farol.ind.br\\\/view\\\/#website\"},\"primaryImageOfPage\":{\"@id\":\"https:\\\/\\\/www.farol.ind.br\\\/view\\\/index.php\\\/politica-de-cookies\\\/#primaryimage\"},\"image\":{\"@id\":\"https:\\\/\\\/www.farol.ind.br\\\/view\\\/index.php\\\/politica-de-cookies\\\/#primaryimage\"},\"thumbnailUrl\":\"https:\\\/\\\/www.farol.ind.br\\\/view\\\/wp-content\\\/uploads\\\/elementor\\\/thumbs\\\/android-chrome-512x512-1-plm5e5b19xl2godq1ii7dp9bgggd146lbf40ah0d5c.png\",\"datePublished\":\"2022-03-09T19:43:03+00:00\",\"dateModified\":\"2022-11-16T14:29:01+00:00\",\"breadcrumb\":{\"@id\":\"https:\\\/\\\/www.farol.ind.br\\\/view\\\/index.php\\\/politica-de-cookies\\\/#breadcrumb\"},\"inLanguage\":\"pt-BR\",\"potentialAction\":[{\"@type\":\"ReadAction\",\"target\":[\"https:\\\/\\\/www.farol.ind.br\\\/view\\\/index.php\\\/politica-de-cookies\\\/\"]}]},{\"@type\":\"ImageObject\",\"inLanguage\":\"pt-BR\",\"@id\":\"https:\\\/\\\/www.farol.ind.br\\\/view\\\/index.php\\\/politica-de-cookies\\\/#primaryimage\",\"url\":\"https:\\\/\\\/www.farol.ind.br\\\/view\\\/wp-content\\\/uploads\\\/elementor\\\/thumbs\\\/android-chrome-512x512-1-plm5e5b19xl2godq1ii7dp9bgggd146lbf40ah0d5c.png\",\"contentUrl\":\"https:\\\/\\\/www.farol.ind.br\\\/view\\\/wp-content\\\/uploads\\\/elementor\\\/thumbs\\\/android-chrome-512x512-1-plm5e5b19xl2godq1ii7dp9bgggd146lbf40ah0d5c.png\"},{\"@type\":\"BreadcrumbList\",\"@id\":\"https:\\\/\\\/www.farol.ind.br\\\/view\\\/index.php\\\/politica-de-cookies\\\/#breadcrumb\",\"itemListElement\":[{\"@type\":\"ListItem\",\"position\":1,\"name\":\"In\u00edcio\",\"item\":\"https:\\\/\\\/www.farol.ind.br\\\/view\\\/\"},{\"@type\":\"ListItem\",\"position\":2,\"name\":\"Pol\u00edtica de Cookies\"}]},{\"@type\":\"WebSite\",\"@id\":\"https:\\\/\\\/www.farol.ind.br\\\/view\\\/#website\",\"url\":\"https:\\\/\\\/www.farol.ind.br\\\/view\\\/\",\"name\":\"Farol S.A.\",\"description\":\"Coletamos os subprodutos de bovinos, su\u00ednos, aves e peixes e, atrav\u00e9s da nossa tecnologia de ponta, realizamos a fabrica\u00e7\u00e3o de  mat\u00e9rias-primas de alto padr\u00e3o que s\u00e3o utilizados como componentes para ra\u00e7\u00f5es animais e diversas ind\u00fastrias qu\u00edmicas.\",\"publisher\":{\"@id\":\"https:\\\/\\\/www.farol.ind.br\\\/view\\\/#organization\"},\"potentialAction\":[{\"@type\":\"SearchAction\",\"target\":{\"@type\":\"EntryPoint\",\"urlTemplate\":\"https:\\\/\\\/www.farol.ind.br\\\/view\\\/?s={search_term_string}\"},\"query-input\":{\"@type\":\"PropertyValueSpecification\",\"valueRequired\":true,\"valueName\":\"search_term_string\"}}],\"inLanguage\":\"pt-BR\"},{\"@type\":\"Organization\",\"@id\":\"https:\\\/\\\/www.farol.ind.br\\\/view\\\/#organization\",\"name\":\"Farol S.A.\",\"url\":\"https:\\\/\\\/www.farol.ind.br\\\/view\\\/\",\"logo\":{\"@type\":\"ImageObject\",\"inLanguage\":\"pt-BR\",\"@id\":\"https:\\\/\\\/www.farol.ind.br\\\/view\\\/#\\\/schema\\\/logo\\\/image\\\/\",\"url\":\"http:\\\/\\\/www.farol.ind.br\\\/view\\\/wp-content\\\/uploads\\\/2022\\\/03\\\/logo-dark.png\",\"contentUrl\":\"http:\\\/\\\/www.farol.ind.br\\\/view\\\/wp-content\\\/uploads\\\/2022\\\/03\\\/logo-dark.png\",\"width\":550,\"height\":300,\"caption\":\"Farol S.A.\"},\"image\":{\"@id\":\"https:\\\/\\\/www.farol.ind.br\\\/view\\\/#\\\/schema\\\/logo\\\/image\\\/\"},\"sameAs\":[\"https:\\\/\\\/www.facebook.com\\\/FarolSA?_rdr\",\"https:\\\/\\\/www.instagram.com\\\/farolindustria\\\/\"]}]}<\/script>\n<!-- \/ Yoast SEO plugin. -->","yoast_head_json":{"title":"Pol\u00edtica de Cookies - Farol S.A.","robots":{"index":"index","follow":"follow","max-snippet":"max-snippet:-1","max-image-preview":"max-image-preview:large","max-video-preview":"max-video-preview:-1"},"canonical":"https:\/\/www.farol.ind.br\/view\/index.php\/politica-de-cookies\/","og_locale":"pt_BR","og_type":"article","og_title":"Pol\u00edtica de Cookies - Farol S.A.","og_description":"LGPD &#8211; Pol\u00edtica de Cookies Nossa miss\u00e3o \u00e9 formar parceiros para transformar produtos animais n\u00e3o comest\u00edveis em solu\u00e7\u00f5es sustent\u00e1veis, contribuindo para o meio ambiente com seguran\u00e7a, qualidade e inova\u00e7\u00e3o. Fazer isto com transpar\u00eancia, informando como seus dados s\u00e3o utilizados, \u00e9 extremamente importante, por isso valorizamos e respeitamos essas informa\u00e7\u00f5es. Esta Pol\u00edtica de Cookies (\u201cPol\u00edtica\u201d) n\u00e3o [&hellip;]","og_url":"https:\/\/www.farol.ind.br\/view\/index.php\/politica-de-cookies\/","og_site_name":"Farol S.A.","article_publisher":"https:\/\/www.facebook.com\/FarolSA?_rdr","article_modified_time":"2022-11-16T14:29:01+00:00","og_image":[{"url":"https:\/\/www.farol.ind.br\/view\/wp-content\/uploads\/elementor\/thumbs\/android-chrome-512x512-1-plm5e5b19xl2godq1ii7dp9bgggd146lbf40ah0d5c.png","type":"","width":"","height":""}],"twitter_card":"summary_large_image","twitter_misc":{"Est. tempo de leitura":"5 minutos"},"schema":{"@context":"https:\/\/schema.org","@graph":[{"@type":"WebPage","@id":"https:\/\/www.farol.ind.br\/view\/index.php\/politica-de-cookies\/","url":"https:\/\/www.farol.ind.br\/view\/index.php\/politica-de-cookies\/","name":"Pol\u00edtica de Cookies - Farol S.A.","isPartOf":{"@id":"https:\/\/www.farol.ind.br\/view\/#website"},"primaryImageOfPage":{"@id":"https:\/\/www.farol.ind.br\/view\/index.php\/politica-de-cookies\/#primaryimage"},"image":{"@id":"https:\/\/www.farol.ind.br\/view\/index.php\/politica-de-cookies\/#primaryimage"},"thumbnailUrl":"https:\/\/www.farol.ind.br\/view\/wp-content\/uploads\/elementor\/thumbs\/android-chrome-512x512-1-plm5e5b19xl2godq1ii7dp9bgggd146lbf40ah0d5c.png","datePublished":"2022-03-09T19:43:03+00:00","dateModified":"2022-11-16T14:29:01+00:00","breadcrumb":{"@id":"https:\/\/www.farol.ind.br\/view\/index.php\/politica-de-cookies\/#breadcrumb"},"inLanguage":"pt-BR","potentialAction":[{"@type":"ReadAction","target":["https:\/\/www.farol.ind.br\/view\/index.php\/politica-de-cookies\/"]}]},{"@type":"ImageObject","inLanguage":"pt-BR","@id":"https:\/\/www.farol.ind.br\/view\/index.php\/politica-de-cookies\/#primaryimage","url":"https:\/\/www.farol.ind.br\/view\/wp-content\/uploads\/elementor\/thumbs\/android-chrome-512x512-1-plm5e5b19xl2godq1ii7dp9bgggd146lbf40ah0d5c.png","contentUrl":"https:\/\/www.farol.ind.br\/view\/wp-content\/uploads\/elementor\/thumbs\/android-chrome-512x512-1-plm5e5b19xl2godq1ii7dp9bgggd146lbf40ah0d5c.png"},{"@type":"BreadcrumbList","@id":"https:\/\/www.farol.ind.br\/view\/index.php\/politica-de-cookies\/#breadcrumb","itemListElement":[{"@type":"ListItem","position":1,"name":"In\u00edcio","item":"https:\/\/www.farol.ind.br\/view\/"},{"@type":"ListItem","position":2,"name":"Pol\u00edtica de Cookies"}]},{"@type":"WebSite","@id":"https:\/\/www.farol.ind.br\/view\/#website","url":"https:\/\/www.farol.ind.br\/view\/","name":"Farol S.A.","description":"Coletamos os subprodutos de bovinos, su\u00ednos, aves e peixes e, atrav\u00e9s da nossa tecnologia de ponta, realizamos a fabrica\u00e7\u00e3o de  mat\u00e9rias-primas de alto padr\u00e3o que s\u00e3o utilizados como componentes para ra\u00e7\u00f5es animais e diversas ind\u00fastrias qu\u00edmicas.","publisher":{"@id":"https:\/\/www.farol.ind.br\/view\/#organization"},"potentialAction":[{"@type":"SearchAction","target":{"@type":"EntryPoint","urlTemplate":"https:\/\/www.farol.ind.br\/view\/?s={search_term_string}"},"query-input":{"@type":"PropertyValueSpecification","valueRequired":true,"valueName":"search_term_string"}}],"inLanguage":"pt-BR"},{"@type":"Organization","@id":"https:\/\/www.farol.ind.br\/view\/#organization","name":"Farol S.A.","url":"https:\/\/www.farol.ind.br\/view\/","logo":{"@type":"ImageObject","inLanguage":"pt-BR","@id":"https:\/\/www.farol.ind.br\/view\/#\/schema\/logo\/image\/","url":"http:\/\/www.farol.ind.br\/view\/wp-content\/uploads\/2022\/03\/logo-dark.png","contentUrl":"http:\/\/www.farol.ind.br\/view\/wp-content\/uploads\/2022\/03\/logo-dark.png","width":550,"height":300,"caption":"Farol S.A."},"image":{"@id":"https:\/\/www.farol.ind.br\/view\/#\/schema\/logo\/image\/"},"sameAs":["https:\/\/www.facebook.com\/FarolSA?_rdr","https:\/\/www.instagram.com\/farolindustria\/"]}]}},"_links":{"self":[{"href":"https:\/\/www.farol.ind.br\/view\/index.php\/wp-json\/wp\/v2\/pages\/259","targetHints":{"allow":["GET"]}}],"collection":[{"href":"https:\/\/www.farol.ind.br\/view\/index.php\/wp-json\/wp\/v2\/pages"}],"about":[{"href":"https:\/\/www.farol.ind.br\/view\/index.php\/wp-json\/wp\/v2\/types\/page"}],"author":[{"embeddable":true,"href":"https:\/\/www.farol.ind.br\/view\/index.php\/wp-json\/wp\/v2\/users\/1"}],"replies":[{"embeddable":true,"href":"https:\/\/www.farol.ind.br\/view\/index.php\/wp-json\/wp\/v2\/comments?post=259"}],"version-history":[{"count":28,"href":"https:\/\/www.farol.ind.br\/view\/index.php\/wp-json\/wp\/v2\/pages\/259\/revisions"}],"predecessor-version":[{"id":2802,"href":"https:\/\/www.farol.ind.br\/view\/index.php\/wp-json\/wp\/v2\/pages\/259\/revisions\/2802"}],"wp:attachment":[{"href":"https:\/\/www.farol.ind.br\/view\/index.php\/wp-json\/wp\/v2\/media?parent=259"}],"curies":[{"name":"wp","href":"https:\/\/api.w.org\/{rel}","templated":true}]}}