{"id":933,"date":"2022-05-19T15:57:32","date_gmt":"2022-05-19T18:57:32","guid":{"rendered":"http:\/\/www.farol.ind.br\/view\/?page_id=933"},"modified":"2023-08-02T15:39:56","modified_gmt":"2023-08-02T18:39:56","slug":"contact","status":"publish","type":"page","link":"https:\/\/www.farol.ind.br\/view\/index.php\/contact\/","title":{"rendered":"Contact"},"content":{"rendered":"\t\t<div data-elementor-type=\"wp-page\" data-elementor-id=\"933\" class=\"elementor elementor-933\" data-elementor-post-type=\"page\">\n\t\t\t\t\t\t<section class=\"elementor-section elementor-top-section elementor-element elementor-element-2369d8be elementor-section-boxed elementor-section-height-default elementor-section-height-default\" data-id=\"2369d8be\" data-element_type=\"section\" data-e-type=\"section\">\n\t\t\t\t\t\t<div class=\"elementor-container elementor-column-gap-default\">\n\t\t\t\t\t<div class=\"elementor-column elementor-col-100 elementor-top-column elementor-element elementor-element-4a40bdc8\" data-id=\"4a40bdc8\" data-element_type=\"column\" data-e-type=\"column\">\n\t\t\t<div class=\"elementor-widget-wrap elementor-element-populated\">\n\t\t\t\t\t\t<section class=\"elementor-section elementor-inner-section elementor-element elementor-element-8270a08 elementor-section-boxed elementor-section-height-default elementor-section-height-default\" data-id=\"8270a08\" data-element_type=\"section\" data-e-type=\"section\">\n\t\t\t\t\t\t<div class=\"elementor-container elementor-column-gap-default\">\n\t\t\t\t\t<div class=\"elementor-column elementor-col-50 elementor-inner-column elementor-element elementor-element-7586b131\" data-id=\"7586b131\" data-element_type=\"column\" data-e-type=\"column\">\n\t\t\t<div class=\"elementor-widget-wrap elementor-element-populated\">\n\t\t\t\t\t\t<div class=\"elementor-element elementor-element-365ffb32 elementor-widget elementor-widget-image\" data-id=\"365ffb32\" data-element_type=\"widget\" data-e-type=\"widget\" data-widget_type=\"image.default\">\n\t\t\t\t<div class=\"elementor-widget-container\">\n\t\t\t\t\t\t\t\t\t\t\t\t\t\t\t\t<a href=\"http:\/\/www.farol.ind.br\/en\">\n\t\t\t\t\t\t\t<img fetchpriority=\"high\" decoding=\"async\" width=\"550\" height=\"300\" src=\"https:\/\/www.farol.ind.br\/view\/wp-content\/uploads\/2022\/03\/logo-dark.png\" class=\"attachment-large size-large wp-image-243\" alt=\"Farol S.A.\" srcset=\"https:\/\/www.farol.ind.br\/view\/wp-content\/uploads\/2022\/03\/logo-dark.png 550w, https:\/\/www.farol.ind.br\/view\/wp-content\/uploads\/2022\/03\/logo-dark-300x164.png 300w\" sizes=\"(max-width: 550px) 100vw, 550px\" \/>\t\t\t\t\t\t\t\t<\/a>\n\t\t\t\t\t\t\t\t\t\t\t\t\t\t\t<\/div>\n\t\t\t\t<\/div>\n\t\t\t\t\t<\/div>\n\t\t<\/div>\n\t\t\t\t<div class=\"elementor-column elementor-col-50 elementor-inner-column elementor-element elementor-element-29be3e19\" data-id=\"29be3e19\" data-element_type=\"column\" data-e-type=\"column\">\n\t\t\t<div class=\"elementor-widget-wrap\">\n\t\t\t\t\t\t\t<\/div>\n\t\t<\/div>\n\t\t\t\t\t<\/div>\n\t\t<\/section>\n\t\t\t\t\t<\/div>\n\t\t<\/div>\n\t\t\t\t\t<\/div>\n\t\t<\/section>\n\t\t\t\t<section class=\"elementor-section elementor-top-section elementor-element elementor-element-9953bd6 elementor-section-boxed elementor-section-height-default elementor-section-height-default\" data-id=\"9953bd6\" data-element_type=\"section\" data-e-type=\"section\">\n\t\t\t\t\t\t<div class=\"elementor-container elementor-column-gap-default\">\n\t\t\t\t\t<div class=\"elementor-column elementor-col-100 elementor-top-column elementor-element elementor-element-66f4ba9\" data-id=\"66f4ba9\" data-element_type=\"column\" data-e-type=\"column\">\n\t\t\t<div class=\"elementor-widget-wrap elementor-element-populated\">\n\t\t\t\t\t\t<div class=\"elementor-element elementor-element-cdf66cb elementor-widget elementor-widget-image\" data-id=\"cdf66cb\" data-element_type=\"widget\" data-e-type=\"widget\" data-widget_type=\"image.default\">\n\t\t\t\t<div class=\"elementor-widget-container\">\n\t\t\t\t\t\t\t\t\t\t\t\t\t\t\t<img decoding=\"async\" src=\"https:\/\/www.farol.ind.br\/view\/wp-content\/uploads\/elementor\/thumbs\/android-chrome-512x512-1-plm5e5b19xl2godq1ii7dp9bgggd146lbf40ah0d5c.png\" title=\"512&#215;512\" alt=\"Farol S.A.\" loading=\"lazy\" \/>\t\t\t\t\t\t\t\t\t\t\t\t\t\t\t<\/div>\n\t\t\t\t<\/div>\n\t\t\t\t<div class=\"elementor-element elementor-element-2ada30f elementor-widget elementor-widget-heading\" data-id=\"2ada30f\" data-element_type=\"widget\" data-e-type=\"widget\" data-widget_type=\"heading.default\">\n\t\t\t\t<div class=\"elementor-widget-container\">\n\t\t\t\t\t<h2 class=\"elementor-heading-title elementor-size-default\">Contact Us<\/h2>\t\t\t\t<\/div>\n\t\t\t\t<\/div>\n\t\t\t\t<div class=\"elementor-element elementor-element-de6b977 elementor-widget elementor-widget-heading\" data-id=\"de6b977\" data-element_type=\"widget\" data-e-type=\"widget\" data-widget_type=\"heading.default\">\n\t\t\t\t<div class=\"elementor-widget-container\">\n\t\t\t\t\t<h3 class=\"elementor-heading-title elementor-size-default\">Your questions and suggestions are important to us!<\/h3>\t\t\t\t<\/div>\n\t\t\t\t<\/div>\n\t\t\t\t<div class=\"elementor-element elementor-element-31c9811 elementor-widget elementor-widget-heading\" data-id=\"31c9811\" data-element_type=\"widget\" data-e-type=\"widget\" data-widget_type=\"heading.default\">\n\t\t\t\t<div class=\"elementor-widget-container\">\n\t\t\t\t\t<h4 class=\"elementor-heading-title elementor-size-default\">Use the form below to contact us about:<\/h4>\t\t\t\t<\/div>\n\t\t\t\t<\/div>\n\t\t\t\t<section class=\"elementor-section elementor-inner-section elementor-element elementor-element-6020088 elementor-section-content-middle elementor-section-boxed elementor-section-height-default elementor-section-height-default\" data-id=\"6020088\" data-element_type=\"section\" data-e-type=\"section\">\n\t\t\t\t\t\t<div class=\"elementor-container elementor-column-gap-default\">\n\t\t\t\t\t<div class=\"elementor-column elementor-col-100 elementor-inner-column elementor-element elementor-element-33fe35a\" data-id=\"33fe35a\" data-element_type=\"column\" data-e-type=\"column\">\n\t\t\t<div class=\"elementor-widget-wrap elementor-element-populated\">\n\t\t\t\t\t\t<div class=\"elementor-element elementor-element-218be47 elementor-list-item-link-inline elementor-align-start elementor-icon-list--layout-traditional elementor-widget elementor-widget-icon-list\" data-id=\"218be47\" data-element_type=\"widget\" data-e-type=\"widget\" data-widget_type=\"icon-list.default\">\n\t\t\t\t<div class=\"elementor-widget-container\">\n\t\t\t\t\t\t\t<ul class=\"elementor-icon-list-items\">\n\t\t\t\t\t\t\t<li class=\"elementor-icon-list-item\">\n\t\t\t\t\t\t\t\t\t\t\t<span class=\"elementor-icon-list-icon\">\n\t\t\t\t\t\t\t<i aria-hidden=\"true\" class=\"fas fa-check\"><\/i>\t\t\t\t\t\t<\/span>\n\t\t\t\t\t\t\t\t\t\t<span class=\"elementor-icon-list-text\">General questions<\/span>\n\t\t\t\t\t\t\t\t\t<\/li>\n\t\t\t\t\t\t\t\t<li class=\"elementor-icon-list-item\">\n\t\t\t\t\t\t\t\t\t\t\t<span class=\"elementor-icon-list-icon\">\n\t\t\t\t\t\t\t<i aria-hidden=\"true\" class=\"fas fa-check\"><\/i>\t\t\t\t\t\t<\/span>\n\t\t\t\t\t\t\t\t\t\t<span class=\"elementor-icon-list-text\">Requests for information<\/span>\n\t\t\t\t\t\t\t\t\t<\/li>\n\t\t\t\t\t\t\t\t<li class=\"elementor-icon-list-item\">\n\t\t\t\t\t\t\t\t\t\t\t<span class=\"elementor-icon-list-icon\">\n\t\t\t\t\t\t\t<i aria-hidden=\"true\" class=\"fas fa-check\"><\/i>\t\t\t\t\t\t<\/span>\n\t\t\t\t\t\t\t\t\t\t<span class=\"elementor-icon-list-text\">Suggestions<\/span>\n\t\t\t\t\t\t\t\t\t<\/li>\n\t\t\t\t\t\t\t\t<li class=\"elementor-icon-list-item\">\n\t\t\t\t\t\t\t\t\t\t\t<span class=\"elementor-icon-list-icon\">\n\t\t\t\t\t\t\t<i aria-hidden=\"true\" class=\"fas fa-check\"><\/i>\t\t\t\t\t\t<\/span>\n\t\t\t\t\t\t\t\t\t\t<span class=\"elementor-icon-list-text\">Compliments<\/span>\n\t\t\t\t\t\t\t\t\t<\/li>\n\t\t\t\t\t\t\t\t<li class=\"elementor-icon-list-item\">\n\t\t\t\t\t\t\t\t\t\t\t<span class=\"elementor-icon-list-icon\">\n\t\t\t\t\t\t\t<i aria-hidden=\"true\" class=\"fas fa-check\"><\/i>\t\t\t\t\t\t<\/span>\n\t\t\t\t\t\t\t\t\t\t<span class=\"elementor-icon-list-text\">Complaints<\/span>\n\t\t\t\t\t\t\t\t\t<\/li>\n\t\t\t\t\t\t<\/ul>\n\t\t\t\t\t\t<\/div>\n\t\t\t\t<\/div>\n\t\t\t\t\t<\/div>\n\t\t<\/div>\n\t\t\t\t\t<\/div>\n\t\t<\/section>\n\t\t\t\t<div class=\"elementor-element elementor-element-359afe1 elementor-widget elementor-widget-shortcode\" data-id=\"359afe1\" data-element_type=\"widget\" data-e-type=\"widget\" data-widget_type=\"shortcode.default\">\n\t\t\t\t<div class=\"elementor-widget-container\">\n\t\t\t\t\t\t\t<div class=\"elementor-shortcode\">\n<div class=\"wpcf7 no-js\" id=\"wpcf7-f1725-o1\" lang=\"pt-BR\" dir=\"ltr\" data-wpcf7-id=\"1725\">\n<div class=\"screen-reader-response\"><p role=\"status\" aria-live=\"polite\" aria-atomic=\"true\"><\/p> <ul><\/ul><\/div>\n<form action=\"\/view\/index.php\/wp-json\/wp\/v2\/pages\/933#wpcf7-f1725-o1\" method=\"post\" class=\"wpcf7-form init\" aria-label=\"Formul\u00e1rios de contato\" novalidate=\"novalidate\" data-status=\"init\">\n<fieldset class=\"hidden-fields-container\"><input type=\"hidden\" name=\"_wpcf7\" value=\"1725\" \/><input type=\"hidden\" name=\"_wpcf7_version\" value=\"6.1.5\" \/><input type=\"hidden\" name=\"_wpcf7_locale\" value=\"pt_BR\" \/><input type=\"hidden\" name=\"_wpcf7_unit_tag\" value=\"wpcf7-f1725-o1\" \/><input type=\"hidden\" name=\"_wpcf7_container_post\" value=\"0\" \/><input type=\"hidden\" name=\"_wpcf7_posted_data_hash\" value=\"\" \/><input type=\"hidden\" name=\"_wpcf7_recaptcha_response\" value=\"\" \/>\n<\/fieldset>\n<p><label> *Name<br \/>\n<span class=\"wpcf7-form-control-wrap\" data-name=\"your-name\"><input size=\"40\" maxlength=\"400\" class=\"wpcf7-form-control wpcf7-text wpcf7-validates-as-required\" aria-required=\"true\" aria-invalid=\"false\" value=\"\" type=\"text\" name=\"your-name\" \/><\/span> <\/label>\n<\/p>\n<p><label> *E-mail<br \/>\n<span class=\"wpcf7-form-control-wrap\" data-name=\"your-email\"><input size=\"40\" maxlength=\"400\" class=\"wpcf7-form-control wpcf7-email wpcf7-validates-as-required wpcf7-text wpcf7-validates-as-email\" aria-required=\"true\" aria-invalid=\"false\" value=\"\" type=\"email\" name=\"your-email\" \/><\/span> <\/label><br \/>\n<label> *Phone<br \/>\n<span class=\"wpcf7-form-control-wrap\" data-name=\"tel-467\"><input size=\"40\" maxlength=\"400\" class=\"wpcf7-form-control wpcf7-tel wpcf7-validates-as-required wpcf7-text wpcf7-validates-as-tel\" aria-required=\"true\" aria-invalid=\"false\" value=\"\" type=\"tel\" name=\"tel-467\" \/><\/span> <\/label><br \/>\n<label> *Subject<br \/>\n<span class=\"wpcf7-form-control-wrap\" data-name=\"your-subject\"><input size=\"40\" maxlength=\"400\" class=\"wpcf7-form-control wpcf7-text wpcf7-validates-as-required\" aria-required=\"true\" aria-invalid=\"false\" value=\"\" type=\"text\" name=\"your-subject\" \/><\/span> <\/label>\n<\/p>\n<p><label> *Message<br \/>\n<span class=\"wpcf7-form-control-wrap\" data-name=\"your-message\"><textarea cols=\"40\" rows=\"10\" maxlength=\"2000\" class=\"wpcf7-form-control wpcf7-textarea wpcf7-validates-as-required\" aria-required=\"true\" aria-invalid=\"false\" name=\"your-message\"><\/textarea><\/span> <\/label>\n<\/p>\n<p><input class=\"wpcf7-form-control wpcf7-submit has-spinner\" type=\"submit\" value=\"Submit\" \/>\n<\/p><div class=\"wpcf7-response-output\" aria-hidden=\"true\"><\/div>\n<\/form>\n<\/div>\n<\/div>\n\t\t\t\t\t\t<\/div>\n\t\t\t\t<\/div>\n\t\t\t\t\t<\/div>\n\t\t<\/div>\n\t\t\t\t\t<\/div>\n\t\t<\/section>\n\t\t\t\t<section class=\"elementor-section elementor-top-section elementor-element elementor-element-2c1f4cf7 elementor-section-boxed elementor-section-height-default elementor-section-height-default\" data-id=\"2c1f4cf7\" data-element_type=\"section\" data-e-type=\"section\" data-settings=\"{&quot;background_background&quot;:&quot;classic&quot;}\">\n\t\t\t\t\t\t\t<div class=\"elementor-background-overlay\"><\/div>\n\t\t\t\t\t\t\t<div class=\"elementor-container elementor-column-gap-default\">\n\t\t\t\t\t<div class=\"elementor-column elementor-col-100 elementor-top-column elementor-element elementor-element-26718b91\" data-id=\"26718b91\" data-element_type=\"column\" data-e-type=\"column\">\n\t\t\t<div class=\"elementor-widget-wrap elementor-element-populated\">\n\t\t\t\t\t\t<div class=\"elementor-element elementor-element-247ac681 elementor-widget elementor-widget-heading\" data-id=\"247ac681\" data-element_type=\"widget\" data-e-type=\"widget\" data-widget_type=\"heading.default\">\n\t\t\t\t<div class=\"elementor-widget-container\">\n\t\t\t\t\t<h5 class=\"elementor-heading-title elementor-size-default\">Our Locations<\/h5>\t\t\t\t<\/div>\n\t\t\t\t<\/div>\n\t\t\t\t\t<\/div>\n\t\t<\/div>\n\t\t\t\t\t<\/div>\n\t\t<\/section>\n\t\t\t\t<section class=\"elementor-section elementor-top-section elementor-element elementor-element-4f96ab80 elementor-section-content-middle elementor-section-boxed elementor-section-height-default elementor-section-height-default\" data-id=\"4f96ab80\" data-element_type=\"section\" data-e-type=\"section\" data-settings=\"{&quot;background_background&quot;:&quot;classic&quot;}\">\n\t\t\t\t\t\t<div class=\"elementor-container elementor-column-gap-default\">\n\t\t\t\t\t<div class=\"elementor-column elementor-col-33 elementor-top-column elementor-element elementor-element-5835df94\" data-id=\"5835df94\" data-element_type=\"column\" data-e-type=\"column\">\n\t\t\t<div class=\"elementor-widget-wrap elementor-element-populated\">\n\t\t\t\t\t\t<div class=\"elementor-element elementor-element-6b007ba elementor-widget elementor-widget-image\" data-id=\"6b007ba\" data-element_type=\"widget\" data-e-type=\"widget\" data-widget_type=\"image.default\">\n\t\t\t\t<div class=\"elementor-widget-container\">\n\t\t\t\t\t\t\t\t\t\t\t\t\t\t\t\t<a href=\"http:\/\/www.farol.ind.br\/site\/\">\n\t\t\t\t\t\t\t<img decoding=\"async\" width=\"472\" height=\"200\" src=\"https:\/\/www.farol.ind.br\/view\/wp-content\/uploads\/2022\/04\/grupopatense-white.webp\" class=\"attachment-large size-large wp-image-763\" alt=\"Grupo Patense\" srcset=\"https:\/\/www.farol.ind.br\/view\/wp-content\/uploads\/2022\/04\/grupopatense-white.webp 472w, https:\/\/www.farol.ind.br\/view\/wp-content\/uploads\/2022\/04\/grupopatense-white-300x127.webp 300w\" sizes=\"(max-width: 472px) 100vw, 472px\" \/>\t\t\t\t\t\t\t\t<\/a>\n\t\t\t\t\t\t\t\t\t\t\t\t\t\t\t<\/div>\n\t\t\t\t<\/div>\n\t\t\t\t\t<\/div>\n\t\t<\/div>\n\t\t\t\t<div class=\"elementor-column elementor-col-33 elementor-top-column elementor-element elementor-element-fad6764\" data-id=\"fad6764\" data-element_type=\"column\" data-e-type=\"column\">\n\t\t\t<div class=\"elementor-widget-wrap elementor-element-populated\">\n\t\t\t\t\t\t<div class=\"elementor-element elementor-element-7fccd4a3 elementor-widget elementor-widget-heading\" data-id=\"7fccd4a3\" data-element_type=\"widget\" data-e-type=\"widget\" data-widget_type=\"heading.default\">\n\t\t\t\t<div class=\"elementor-widget-container\">\n\t\t\t\t\t<p class=\"elementor-heading-title elementor-size-default\">\u00a9 2022 Farol S.A.<\/p>\t\t\t\t<\/div>\n\t\t\t\t<\/div>\n\t\t\t\t\t<\/div>\n\t\t<\/div>\n\t\t\t\t<div class=\"elementor-column elementor-col-33 elementor-top-column elementor-element elementor-element-2977b3a1\" data-id=\"2977b3a1\" data-element_type=\"column\" data-e-type=\"column\">\n\t\t\t<div class=\"elementor-widget-wrap elementor-element-populated\">\n\t\t\t\t\t\t<div class=\"elementor-element elementor-element-460084bc elementor-widget elementor-widget-text-editor\" data-id=\"460084bc\" data-element_type=\"widget\" data-e-type=\"widget\" data-widget_type=\"text-editor.default\">\n\t\t\t\t<div class=\"elementor-widget-container\">\n\t\t\t\t\t\t\t\t\t<p>Developed by <strong><span style=\"color: #ffffff;\"><a style=\"color: #ffffff;\" href=\"https:\/\/www.bmouseproductions.com\/\" target=\"_blank\" rel=\"noopener\">Bmouse Productions<\/a><\/span><\/strong><\/p>\t\t\t\t\t\t\t\t<\/div>\n\t\t\t\t<\/div>\n\t\t\t\t\t<\/div>\n\t\t<\/div>\n\t\t\t\t\t<\/div>\n\t\t<\/section>\n\t\t\t\t<\/div>\n\t\t","protected":false},"excerpt":{"rendered":"<p>Home Company Units Products Export Sustainability Sustainability Environmental Policy Implementation Plan Collect Contact Contact Work With Us Ombudsman Promote Us Contact Us Your questions and suggestions are important to us! Use the form below to contact us about: General questions Requests for information Suggestions Compliments Complaints Our Locations Farol &#8211; unidade farol &#8211; nova itaberaba [&hellip;]<\/p>\n","protected":false},"author":1,"featured_media":0,"parent":0,"menu_order":0,"comment_status":"closed","ping_status":"closed","template":"elementor_canvas","meta":{"footnotes":""},"class_list":["post-933","page","type-page","status-publish","hentry"],"yoast_head":"<!-- This site is optimized with the Yoast SEO plugin v27.5 - https:\/\/yoast.com\/product\/yoast-seo-wordpress\/ -->\n<title>Contact - Farol S.A.<\/title>\n<meta name=\"robots\" content=\"index, follow, max-snippet:-1, max-image-preview:large, max-video-preview:-1\" \/>\n<link rel=\"canonical\" href=\"https:\/\/www.farol.ind.br\/view\/index.php\/contact\/\" \/>\n<meta property=\"og:locale\" content=\"pt_BR\" \/>\n<meta property=\"og:type\" content=\"article\" \/>\n<meta property=\"og:title\" content=\"Contact - Farol S.A.\" \/>\n<meta property=\"og:description\" content=\"Home Company Units Products Export Sustainability Sustainability Environmental Policy Implementation Plan Collect Contact Contact Work With Us Ombudsman Promote Us Contact Us Your questions and suggestions are important to us! Use the form below to contact us about: General questions Requests for information Suggestions Compliments Complaints Our Locations Farol &#8211; unidade farol &#8211; nova itaberaba [&hellip;]\" \/>\n<meta property=\"og:url\" content=\"https:\/\/www.farol.ind.br\/view\/index.php\/contact\/\" \/>\n<meta property=\"og:site_name\" content=\"Farol S.A.\" \/>\n<meta property=\"article:publisher\" content=\"https:\/\/www.facebook.com\/FarolSA?_rdr\" \/>\n<meta property=\"article:modified_time\" content=\"2023-08-02T18:39:56+00:00\" \/>\n<meta property=\"og:image\" content=\"https:\/\/www.farol.ind.br\/view\/wp-content\/uploads\/2022\/03\/logo-dark.png\" \/>\n<meta name=\"twitter:card\" content=\"summary_large_image\" \/>\n<meta name=\"twitter:label1\" content=\"Est. tempo de leitura\" \/>\n\t<meta name=\"twitter:data1\" content=\"10 minutos\" \/>\n<script type=\"application\/ld+json\" class=\"yoast-schema-graph\">{\"@context\":\"https:\\\/\\\/schema.org\",\"@graph\":[{\"@type\":\"WebPage\",\"@id\":\"https:\\\/\\\/www.farol.ind.br\\\/view\\\/index.php\\\/contact\\\/\",\"url\":\"https:\\\/\\\/www.farol.ind.br\\\/view\\\/index.php\\\/contact\\\/\",\"name\":\"Contact - Farol S.A.\",\"isPartOf\":{\"@id\":\"https:\\\/\\\/www.farol.ind.br\\\/view\\\/#website\"},\"primaryImageOfPage\":{\"@id\":\"https:\\\/\\\/www.farol.ind.br\\\/view\\\/index.php\\\/contact\\\/#primaryimage\"},\"image\":{\"@id\":\"https:\\\/\\\/www.farol.ind.br\\\/view\\\/index.php\\\/contact\\\/#primaryimage\"},\"thumbnailUrl\":\"https:\\\/\\\/www.farol.ind.br\\\/view\\\/wp-content\\\/uploads\\\/2022\\\/03\\\/logo-dark.png\",\"datePublished\":\"2022-05-19T18:57:32+00:00\",\"dateModified\":\"2023-08-02T18:39:56+00:00\",\"breadcrumb\":{\"@id\":\"https:\\\/\\\/www.farol.ind.br\\\/view\\\/index.php\\\/contact\\\/#breadcrumb\"},\"inLanguage\":\"pt-BR\",\"potentialAction\":[{\"@type\":\"ReadAction\",\"target\":[\"https:\\\/\\\/www.farol.ind.br\\\/view\\\/index.php\\\/contact\\\/\"]}]},{\"@type\":\"ImageObject\",\"inLanguage\":\"pt-BR\",\"@id\":\"https:\\\/\\\/www.farol.ind.br\\\/view\\\/index.php\\\/contact\\\/#primaryimage\",\"url\":\"https:\\\/\\\/www.farol.ind.br\\\/view\\\/wp-content\\\/uploads\\\/2022\\\/03\\\/logo-dark.png\",\"contentUrl\":\"https:\\\/\\\/www.farol.ind.br\\\/view\\\/wp-content\\\/uploads\\\/2022\\\/03\\\/logo-dark.png\",\"width\":550,\"height\":300,\"caption\":\"Farol S.A.\"},{\"@type\":\"BreadcrumbList\",\"@id\":\"https:\\\/\\\/www.farol.ind.br\\\/view\\\/index.php\\\/contact\\\/#breadcrumb\",\"itemListElement\":[{\"@type\":\"ListItem\",\"position\":1,\"name\":\"In\u00edcio\",\"item\":\"https:\\\/\\\/www.farol.ind.br\\\/view\\\/\"},{\"@type\":\"ListItem\",\"position\":2,\"name\":\"Contact\"}]},{\"@type\":\"WebSite\",\"@id\":\"https:\\\/\\\/www.farol.ind.br\\\/view\\\/#website\",\"url\":\"https:\\\/\\\/www.farol.ind.br\\\/view\\\/\",\"name\":\"Farol S.A.\",\"description\":\"Coletamos os subprodutos de bovinos, su\u00ednos, aves e peixes e, atrav\u00e9s da nossa tecnologia de ponta, realizamos a fabrica\u00e7\u00e3o de  mat\u00e9rias-primas de alto padr\u00e3o que s\u00e3o utilizados como componentes para ra\u00e7\u00f5es animais e diversas ind\u00fastrias qu\u00edmicas.\",\"publisher\":{\"@id\":\"https:\\\/\\\/www.farol.ind.br\\\/view\\\/#organization\"},\"potentialAction\":[{\"@type\":\"SearchAction\",\"target\":{\"@type\":\"EntryPoint\",\"urlTemplate\":\"https:\\\/\\\/www.farol.ind.br\\\/view\\\/?s={search_term_string}\"},\"query-input\":{\"@type\":\"PropertyValueSpecification\",\"valueRequired\":true,\"valueName\":\"search_term_string\"}}],\"inLanguage\":\"pt-BR\"},{\"@type\":\"Organization\",\"@id\":\"https:\\\/\\\/www.farol.ind.br\\\/view\\\/#organization\",\"name\":\"Farol S.A.\",\"url\":\"https:\\\/\\\/www.farol.ind.br\\\/view\\\/\",\"logo\":{\"@type\":\"ImageObject\",\"inLanguage\":\"pt-BR\",\"@id\":\"https:\\\/\\\/www.farol.ind.br\\\/view\\\/#\\\/schema\\\/logo\\\/image\\\/\",\"url\":\"http:\\\/\\\/www.farol.ind.br\\\/view\\\/wp-content\\\/uploads\\\/2022\\\/03\\\/logo-dark.png\",\"contentUrl\":\"http:\\\/\\\/www.farol.ind.br\\\/view\\\/wp-content\\\/uploads\\\/2022\\\/03\\\/logo-dark.png\",\"width\":550,\"height\":300,\"caption\":\"Farol S.A.\"},\"image\":{\"@id\":\"https:\\\/\\\/www.farol.ind.br\\\/view\\\/#\\\/schema\\\/logo\\\/image\\\/\"},\"sameAs\":[\"https:\\\/\\\/www.facebook.com\\\/FarolSA?_rdr\",\"https:\\\/\\\/www.instagram.com\\\/farolindustria\\\/\"]}]}<\/script>\n<!-- \/ Yoast SEO plugin. -->","yoast_head_json":{"title":"Contact - Farol S.A.","robots":{"index":"index","follow":"follow","max-snippet":"max-snippet:-1","max-image-preview":"max-image-preview:large","max-video-preview":"max-video-preview:-1"},"canonical":"https:\/\/www.farol.ind.br\/view\/index.php\/contact\/","og_locale":"pt_BR","og_type":"article","og_title":"Contact - Farol S.A.","og_description":"Home Company Units Products Export Sustainability Sustainability Environmental Policy Implementation Plan Collect Contact Contact Work With Us Ombudsman Promote Us Contact Us Your questions and suggestions are important to us! Use the form below to contact us about: General questions Requests for information Suggestions Compliments Complaints Our Locations Farol &#8211; unidade farol &#8211; nova itaberaba [&hellip;]","og_url":"https:\/\/www.farol.ind.br\/view\/index.php\/contact\/","og_site_name":"Farol S.A.","article_publisher":"https:\/\/www.facebook.com\/FarolSA?_rdr","article_modified_time":"2023-08-02T18:39:56+00:00","og_image":[{"url":"https:\/\/www.farol.ind.br\/view\/wp-content\/uploads\/2022\/03\/logo-dark.png","type":"","width":"","height":""}],"twitter_card":"summary_large_image","twitter_misc":{"Est. tempo de leitura":"10 minutos"},"schema":{"@context":"https:\/\/schema.org","@graph":[{"@type":"WebPage","@id":"https:\/\/www.farol.ind.br\/view\/index.php\/contact\/","url":"https:\/\/www.farol.ind.br\/view\/index.php\/contact\/","name":"Contact - Farol S.A.","isPartOf":{"@id":"https:\/\/www.farol.ind.br\/view\/#website"},"primaryImageOfPage":{"@id":"https:\/\/www.farol.ind.br\/view\/index.php\/contact\/#primaryimage"},"image":{"@id":"https:\/\/www.farol.ind.br\/view\/index.php\/contact\/#primaryimage"},"thumbnailUrl":"https:\/\/www.farol.ind.br\/view\/wp-content\/uploads\/2022\/03\/logo-dark.png","datePublished":"2022-05-19T18:57:32+00:00","dateModified":"2023-08-02T18:39:56+00:00","breadcrumb":{"@id":"https:\/\/www.farol.ind.br\/view\/index.php\/contact\/#breadcrumb"},"inLanguage":"pt-BR","potentialAction":[{"@type":"ReadAction","target":["https:\/\/www.farol.ind.br\/view\/index.php\/contact\/"]}]},{"@type":"ImageObject","inLanguage":"pt-BR","@id":"https:\/\/www.farol.ind.br\/view\/index.php\/contact\/#primaryimage","url":"https:\/\/www.farol.ind.br\/view\/wp-content\/uploads\/2022\/03\/logo-dark.png","contentUrl":"https:\/\/www.farol.ind.br\/view\/wp-content\/uploads\/2022\/03\/logo-dark.png","width":550,"height":300,"caption":"Farol S.A."},{"@type":"BreadcrumbList","@id":"https:\/\/www.farol.ind.br\/view\/index.php\/contact\/#breadcrumb","itemListElement":[{"@type":"ListItem","position":1,"name":"In\u00edcio","item":"https:\/\/www.farol.ind.br\/view\/"},{"@type":"ListItem","position":2,"name":"Contact"}]},{"@type":"WebSite","@id":"https:\/\/www.farol.ind.br\/view\/#website","url":"https:\/\/www.farol.ind.br\/view\/","name":"Farol S.A.","description":"Coletamos os subprodutos de bovinos, su\u00ednos, aves e peixes e, atrav\u00e9s da nossa tecnologia de ponta, realizamos a fabrica\u00e7\u00e3o de  mat\u00e9rias-primas de alto padr\u00e3o que s\u00e3o utilizados como componentes para ra\u00e7\u00f5es animais e diversas ind\u00fastrias qu\u00edmicas.","publisher":{"@id":"https:\/\/www.farol.ind.br\/view\/#organization"},"potentialAction":[{"@type":"SearchAction","target":{"@type":"EntryPoint","urlTemplate":"https:\/\/www.farol.ind.br\/view\/?s={search_term_string}"},"query-input":{"@type":"PropertyValueSpecification","valueRequired":true,"valueName":"search_term_string"}}],"inLanguage":"pt-BR"},{"@type":"Organization","@id":"https:\/\/www.farol.ind.br\/view\/#organization","name":"Farol S.A.","url":"https:\/\/www.farol.ind.br\/view\/","logo":{"@type":"ImageObject","inLanguage":"pt-BR","@id":"https:\/\/www.farol.ind.br\/view\/#\/schema\/logo\/image\/","url":"http:\/\/www.farol.ind.br\/view\/wp-content\/uploads\/2022\/03\/logo-dark.png","contentUrl":"http:\/\/www.farol.ind.br\/view\/wp-content\/uploads\/2022\/03\/logo-dark.png","width":550,"height":300,"caption":"Farol S.A."},"image":{"@id":"https:\/\/www.farol.ind.br\/view\/#\/schema\/logo\/image\/"},"sameAs":["https:\/\/www.facebook.com\/FarolSA?_rdr","https:\/\/www.instagram.com\/farolindustria\/"]}]}},"_links":{"self":[{"href":"https:\/\/www.farol.ind.br\/view\/index.php\/wp-json\/wp\/v2\/pages\/933","targetHints":{"allow":["GET"]}}],"collection":[{"href":"https:\/\/www.farol.ind.br\/view\/index.php\/wp-json\/wp\/v2\/pages"}],"about":[{"href":"https:\/\/www.farol.ind.br\/view\/index.php\/wp-json\/wp\/v2\/types\/page"}],"author":[{"embeddable":true,"href":"https:\/\/www.farol.ind.br\/view\/index.php\/wp-json\/wp\/v2\/users\/1"}],"replies":[{"embeddable":true,"href":"https:\/\/www.farol.ind.br\/view\/index.php\/wp-json\/wp\/v2\/comments?post=933"}],"version-history":[{"count":43,"href":"https:\/\/www.farol.ind.br\/view\/index.php\/wp-json\/wp\/v2\/pages\/933\/revisions"}],"predecessor-version":[{"id":3145,"href":"https:\/\/www.farol.ind.br\/view\/index.php\/wp-json\/wp\/v2\/pages\/933\/revisions\/3145"}],"wp:attachment":[{"href":"https:\/\/www.farol.ind.br\/view\/index.php\/wp-json\/wp\/v2\/media?parent=933"}],"curies":[{"name":"wp","href":"https:\/\/api.w.org\/{rel}","templated":true}]}}