{"id":947,"date":"2022-05-19T16:12:28","date_gmt":"2022-05-19T19:12:28","guid":{"rendered":"http:\/\/www.farol.ind.br\/view\/?page_id=947"},"modified":"2023-08-02T15:45:40","modified_gmt":"2023-08-02T18:45:40","slug":"contacto","status":"publish","type":"page","link":"https:\/\/www.farol.ind.br\/view\/index.php\/contacto\/","title":{"rendered":"Contacto"},"content":{"rendered":"\t\t<div data-elementor-type=\"wp-page\" data-elementor-id=\"947\" class=\"elementor elementor-947\" data-elementor-post-type=\"page\">\n\t\t\t\t\t\t<section class=\"elementor-section elementor-top-section elementor-element elementor-element-74d007ed elementor-section-boxed elementor-section-height-default elementor-section-height-default\" data-id=\"74d007ed\" data-element_type=\"section\" data-e-type=\"section\">\n\t\t\t\t\t\t<div class=\"elementor-container elementor-column-gap-default\">\n\t\t\t\t\t<div class=\"elementor-column elementor-col-100 elementor-top-column elementor-element elementor-element-50cdd4f3\" data-id=\"50cdd4f3\" data-element_type=\"column\" data-e-type=\"column\">\n\t\t\t<div class=\"elementor-widget-wrap elementor-element-populated\">\n\t\t\t\t\t\t<section class=\"elementor-section elementor-inner-section elementor-element elementor-element-27dad3cf elementor-section-boxed elementor-section-height-default elementor-section-height-default\" data-id=\"27dad3cf\" data-element_type=\"section\" data-e-type=\"section\">\n\t\t\t\t\t\t<div class=\"elementor-container elementor-column-gap-default\">\n\t\t\t\t\t<div class=\"elementor-column elementor-col-50 elementor-inner-column elementor-element elementor-element-175e7a3a\" data-id=\"175e7a3a\" data-element_type=\"column\" data-e-type=\"column\">\n\t\t\t<div class=\"elementor-widget-wrap elementor-element-populated\">\n\t\t\t\t\t\t<div class=\"elementor-element elementor-element-7edd095b elementor-widget elementor-widget-image\" data-id=\"7edd095b\" data-element_type=\"widget\" data-e-type=\"widget\" data-widget_type=\"image.default\">\n\t\t\t\t<div class=\"elementor-widget-container\">\n\t\t\t\t\t\t\t\t\t\t\t\t\t\t\t\t<a href=\"http:\/\/www.farol.ind.br\/es\">\n\t\t\t\t\t\t\t<img fetchpriority=\"high\" decoding=\"async\" width=\"550\" height=\"300\" src=\"https:\/\/www.farol.ind.br\/view\/wp-content\/uploads\/2022\/03\/logo-dark.png\" class=\"attachment-large size-large wp-image-243\" alt=\"Farol S.A.\" srcset=\"https:\/\/www.farol.ind.br\/view\/wp-content\/uploads\/2022\/03\/logo-dark.png 550w, https:\/\/www.farol.ind.br\/view\/wp-content\/uploads\/2022\/03\/logo-dark-300x164.png 300w\" sizes=\"(max-width: 550px) 100vw, 550px\" \/>\t\t\t\t\t\t\t\t<\/a>\n\t\t\t\t\t\t\t\t\t\t\t\t\t\t\t<\/div>\n\t\t\t\t<\/div>\n\t\t\t\t\t<\/div>\n\t\t<\/div>\n\t\t\t\t<div class=\"elementor-column elementor-col-50 elementor-inner-column elementor-element elementor-element-4382cb6e\" data-id=\"4382cb6e\" data-element_type=\"column\" data-e-type=\"column\">\n\t\t\t<div class=\"elementor-widget-wrap\">\n\t\t\t\t\t\t\t<\/div>\n\t\t<\/div>\n\t\t\t\t\t<\/div>\n\t\t<\/section>\n\t\t\t\t\t<\/div>\n\t\t<\/div>\n\t\t\t\t\t<\/div>\n\t\t<\/section>\n\t\t\t\t<section class=\"elementor-section elementor-top-section elementor-element elementor-element-9953bd6 elementor-section-boxed elementor-section-height-default elementor-section-height-default\" data-id=\"9953bd6\" data-element_type=\"section\" data-e-type=\"section\">\n\t\t\t\t\t\t<div class=\"elementor-container elementor-column-gap-default\">\n\t\t\t\t\t<div class=\"elementor-column elementor-col-100 elementor-top-column elementor-element elementor-element-66f4ba9\" data-id=\"66f4ba9\" data-element_type=\"column\" data-e-type=\"column\">\n\t\t\t<div class=\"elementor-widget-wrap elementor-element-populated\">\n\t\t\t\t\t\t<div class=\"elementor-element elementor-element-cdf66cb elementor-widget elementor-widget-image\" data-id=\"cdf66cb\" data-element_type=\"widget\" data-e-type=\"widget\" data-widget_type=\"image.default\">\n\t\t\t\t<div class=\"elementor-widget-container\">\n\t\t\t\t\t\t\t\t\t\t\t\t\t\t\t<img decoding=\"async\" src=\"https:\/\/www.farol.ind.br\/view\/wp-content\/uploads\/elementor\/thumbs\/android-chrome-512x512-1-plm5e5b19xl2godq1ii7dp9bgggd146lbf40ah0d5c.png\" title=\"512&#215;512\" alt=\"Farol S.A.\" loading=\"lazy\" \/>\t\t\t\t\t\t\t\t\t\t\t\t\t\t\t<\/div>\n\t\t\t\t<\/div>\n\t\t\t\t<div class=\"elementor-element elementor-element-2ada30f elementor-widget elementor-widget-heading\" data-id=\"2ada30f\" data-element_type=\"widget\" data-e-type=\"widget\" data-widget_type=\"heading.default\">\n\t\t\t\t<div class=\"elementor-widget-container\">\n\t\t\t\t\t<h2 class=\"elementor-heading-title elementor-size-default\">Cont\u00e1ctanos<\/h2>\t\t\t\t<\/div>\n\t\t\t\t<\/div>\n\t\t\t\t<div class=\"elementor-element elementor-element-de6b977 elementor-widget elementor-widget-heading\" data-id=\"de6b977\" data-element_type=\"widget\" data-e-type=\"widget\" data-widget_type=\"heading.default\">\n\t\t\t\t<div class=\"elementor-widget-container\">\n\t\t\t\t\t<h3 class=\"elementor-heading-title elementor-size-default\">\u00a1Sus preguntas o sugerencias son importantes para nosotros!<\/h3>\t\t\t\t<\/div>\n\t\t\t\t<\/div>\n\t\t\t\t<div class=\"elementor-element elementor-element-31c9811 elementor-widget elementor-widget-heading\" data-id=\"31c9811\" data-element_type=\"widget\" data-e-type=\"widget\" data-widget_type=\"heading.default\">\n\t\t\t\t<div class=\"elementor-widget-container\">\n\t\t\t\t\t<h4 class=\"elementor-heading-title elementor-size-default\">Utilice el siguiente formulario para contactarnos acerca de:<\/h4>\t\t\t\t<\/div>\n\t\t\t\t<\/div>\n\t\t\t\t<section class=\"elementor-section elementor-inner-section elementor-element elementor-element-6020088 elementor-section-content-middle elementor-section-boxed elementor-section-height-default elementor-section-height-default\" data-id=\"6020088\" data-element_type=\"section\" data-e-type=\"section\">\n\t\t\t\t\t\t<div class=\"elementor-container elementor-column-gap-default\">\n\t\t\t\t\t<div class=\"elementor-column elementor-col-100 elementor-inner-column elementor-element elementor-element-33fe35a\" data-id=\"33fe35a\" data-element_type=\"column\" data-e-type=\"column\">\n\t\t\t<div class=\"elementor-widget-wrap elementor-element-populated\">\n\t\t\t\t\t\t<div class=\"elementor-element elementor-element-218be47 elementor-list-item-link-inline elementor-align-start elementor-icon-list--layout-traditional elementor-widget elementor-widget-icon-list\" data-id=\"218be47\" data-element_type=\"widget\" data-e-type=\"widget\" data-widget_type=\"icon-list.default\">\n\t\t\t\t<div class=\"elementor-widget-container\">\n\t\t\t\t\t\t\t<ul class=\"elementor-icon-list-items\">\n\t\t\t\t\t\t\t<li class=\"elementor-icon-list-item\">\n\t\t\t\t\t\t\t\t\t\t\t<span class=\"elementor-icon-list-icon\">\n\t\t\t\t\t\t\t<i aria-hidden=\"true\" class=\"fas fa-check\"><\/i>\t\t\t\t\t\t<\/span>\n\t\t\t\t\t\t\t\t\t\t<span class=\"elementor-icon-list-text\">Aclaraciones de dudas en general<\/span>\n\t\t\t\t\t\t\t\t\t<\/li>\n\t\t\t\t\t\t\t\t<li class=\"elementor-icon-list-item\">\n\t\t\t\t\t\t\t\t\t\t\t<span class=\"elementor-icon-list-icon\">\n\t\t\t\t\t\t\t<i aria-hidden=\"true\" class=\"fas fa-check\"><\/i>\t\t\t\t\t\t<\/span>\n\t\t\t\t\t\t\t\t\t\t<span class=\"elementor-icon-list-text\">Solicitud de Informaci\u00f3n<\/span>\n\t\t\t\t\t\t\t\t\t<\/li>\n\t\t\t\t\t\t\t\t<li class=\"elementor-icon-list-item\">\n\t\t\t\t\t\t\t\t\t\t\t<span class=\"elementor-icon-list-icon\">\n\t\t\t\t\t\t\t<i aria-hidden=\"true\" class=\"fas fa-check\"><\/i>\t\t\t\t\t\t<\/span>\n\t\t\t\t\t\t\t\t\t\t<span class=\"elementor-icon-list-text\">Sugerencias<\/span>\n\t\t\t\t\t\t\t\t\t<\/li>\n\t\t\t\t\t\t\t\t<li class=\"elementor-icon-list-item\">\n\t\t\t\t\t\t\t\t\t\t\t<span class=\"elementor-icon-list-icon\">\n\t\t\t\t\t\t\t<i aria-hidden=\"true\" class=\"fas fa-check\"><\/i>\t\t\t\t\t\t<\/span>\n\t\t\t\t\t\t\t\t\t\t<span class=\"elementor-icon-list-text\">Elogios<\/span>\n\t\t\t\t\t\t\t\t\t<\/li>\n\t\t\t\t\t\t\t\t<li class=\"elementor-icon-list-item\">\n\t\t\t\t\t\t\t\t\t\t\t<span class=\"elementor-icon-list-icon\">\n\t\t\t\t\t\t\t<i aria-hidden=\"true\" class=\"fas fa-check\"><\/i>\t\t\t\t\t\t<\/span>\n\t\t\t\t\t\t\t\t\t\t<span class=\"elementor-icon-list-text\">Reclamaciones en general<\/span>\n\t\t\t\t\t\t\t\t\t<\/li>\n\t\t\t\t\t\t<\/ul>\n\t\t\t\t\t\t<\/div>\n\t\t\t\t<\/div>\n\t\t\t\t\t<\/div>\n\t\t<\/div>\n\t\t\t\t\t<\/div>\n\t\t<\/section>\n\t\t\t\t<div class=\"elementor-element elementor-element-cae6499 elementor-widget elementor-widget-shortcode\" data-id=\"cae6499\" data-element_type=\"widget\" data-e-type=\"widget\" data-widget_type=\"shortcode.default\">\n\t\t\t\t<div class=\"elementor-widget-container\">\n\t\t\t\t\t\t\t<div class=\"elementor-shortcode\">\n<div class=\"wpcf7 no-js\" id=\"wpcf7-f1742-o1\" lang=\"pt-BR\" dir=\"ltr\" data-wpcf7-id=\"1742\">\n<div class=\"screen-reader-response\"><p role=\"status\" aria-live=\"polite\" aria-atomic=\"true\"><\/p> <ul><\/ul><\/div>\n<form action=\"\/view\/index.php\/wp-json\/wp\/v2\/pages\/947#wpcf7-f1742-o1\" method=\"post\" class=\"wpcf7-form init\" aria-label=\"Formul\u00e1rios de contato\" novalidate=\"novalidate\" data-status=\"init\">\n<fieldset class=\"hidden-fields-container\"><input type=\"hidden\" name=\"_wpcf7\" value=\"1742\" \/><input type=\"hidden\" name=\"_wpcf7_version\" value=\"6.1.5\" \/><input type=\"hidden\" name=\"_wpcf7_locale\" value=\"pt_BR\" \/><input type=\"hidden\" name=\"_wpcf7_unit_tag\" value=\"wpcf7-f1742-o1\" \/><input type=\"hidden\" name=\"_wpcf7_container_post\" value=\"0\" \/><input type=\"hidden\" name=\"_wpcf7_posted_data_hash\" value=\"\" \/><input type=\"hidden\" name=\"_wpcf7_recaptcha_response\" value=\"\" \/>\n<\/fieldset>\n<p><label> *Nombre<br \/>\n<span class=\"wpcf7-form-control-wrap\" data-name=\"your-name\"><input size=\"40\" maxlength=\"400\" class=\"wpcf7-form-control wpcf7-text wpcf7-validates-as-required\" aria-required=\"true\" aria-invalid=\"false\" value=\"\" type=\"text\" name=\"your-name\" \/><\/span> <\/label>\n<\/p>\n<p><label> *E-mail<br \/>\n<span class=\"wpcf7-form-control-wrap\" data-name=\"your-email\"><input size=\"40\" maxlength=\"400\" class=\"wpcf7-form-control wpcf7-email wpcf7-validates-as-required wpcf7-text wpcf7-validates-as-email\" aria-required=\"true\" aria-invalid=\"false\" value=\"\" type=\"email\" name=\"your-email\" \/><\/span> <\/label><br \/>\n<label> *Tel\u00e9fono<br \/>\n<span class=\"wpcf7-form-control-wrap\" data-name=\"tel-467\"><input size=\"40\" maxlength=\"400\" class=\"wpcf7-form-control wpcf7-tel wpcf7-validates-as-required wpcf7-text wpcf7-validates-as-tel\" aria-required=\"true\" aria-invalid=\"false\" value=\"\" type=\"tel\" name=\"tel-467\" \/><\/span> <\/label><br \/>\n<label> *Asunto<br \/>\n<span class=\"wpcf7-form-control-wrap\" data-name=\"your-subject\"><input size=\"40\" maxlength=\"400\" class=\"wpcf7-form-control wpcf7-text wpcf7-validates-as-required\" aria-required=\"true\" aria-invalid=\"false\" value=\"\" type=\"text\" name=\"your-subject\" \/><\/span> <\/label>\n<\/p>\n<p><label> *Mensaje<br \/>\n<span class=\"wpcf7-form-control-wrap\" data-name=\"your-message\"><textarea cols=\"40\" rows=\"10\" maxlength=\"2000\" class=\"wpcf7-form-control wpcf7-textarea wpcf7-validates-as-required\" aria-required=\"true\" aria-invalid=\"false\" name=\"your-message\"><\/textarea><\/span> <\/label>\n<\/p>\n<p><input class=\"wpcf7-form-control wpcf7-submit has-spinner\" type=\"submit\" value=\"Enviar\" \/>\n<\/p><div class=\"wpcf7-response-output\" aria-hidden=\"true\"><\/div>\n<\/form>\n<\/div>\n<\/div>\n\t\t\t\t\t\t<\/div>\n\t\t\t\t<\/div>\n\t\t\t\t\t<\/div>\n\t\t<\/div>\n\t\t\t\t\t<\/div>\n\t\t<\/section>\n\t\t\t\t<section class=\"elementor-section elementor-top-section elementor-element elementor-element-8c51126 elementor-section-boxed elementor-section-height-default elementor-section-height-default\" data-id=\"8c51126\" data-element_type=\"section\" data-e-type=\"section\" data-settings=\"{&quot;background_background&quot;:&quot;classic&quot;}\">\n\t\t\t\t\t\t<div class=\"elementor-container elementor-column-gap-default\">\n\t\t\t\t\t<div class=\"elementor-column elementor-col-100 elementor-top-column elementor-element elementor-element-326b934c\" data-id=\"326b934c\" data-element_type=\"column\" data-e-type=\"column\">\n\t\t\t<div class=\"elementor-widget-wrap elementor-element-populated\">\n\t\t\t\t\t\t<div class=\"elementor-element elementor-element-26e0e6e8 elementor-widget elementor-widget-heading\" data-id=\"26e0e6e8\" data-element_type=\"widget\" data-e-type=\"widget\" data-widget_type=\"heading.default\">\n\t\t\t\t<div class=\"elementor-widget-container\">\n\t\t\t\t\t<h5 class=\"elementor-heading-title elementor-size-default\">Nuestras Ubicaciones<\/h5>\t\t\t\t<\/div>\n\t\t\t\t<\/div>\n\t\t\t\t\t<\/div>\n\t\t<\/div>\n\t\t\t\t\t<\/div>\n\t\t<\/section>\n\t\t\t\t<section class=\"elementor-section elementor-top-section elementor-element elementor-element-20f7a16b elementor-section-content-middle elementor-section-boxed elementor-section-height-default elementor-section-height-default\" data-id=\"20f7a16b\" data-element_type=\"section\" data-e-type=\"section\" data-settings=\"{&quot;background_background&quot;:&quot;classic&quot;}\">\n\t\t\t\t\t\t<div class=\"elementor-container elementor-column-gap-default\">\n\t\t\t\t\t<div class=\"elementor-column elementor-col-33 elementor-top-column elementor-element elementor-element-38fed330\" data-id=\"38fed330\" data-element_type=\"column\" data-e-type=\"column\">\n\t\t\t<div class=\"elementor-widget-wrap elementor-element-populated\">\n\t\t\t\t\t\t<div class=\"elementor-element elementor-element-7d4d679d elementor-widget elementor-widget-image\" data-id=\"7d4d679d\" data-element_type=\"widget\" data-e-type=\"widget\" data-widget_type=\"image.default\">\n\t\t\t\t<div class=\"elementor-widget-container\">\n\t\t\t\t\t\t\t\t\t\t\t\t\t\t\t\t<a href=\"http:\/\/www.farol.ind.br\/site\/\">\n\t\t\t\t\t\t\t<img decoding=\"async\" width=\"472\" height=\"200\" src=\"https:\/\/www.farol.ind.br\/view\/wp-content\/uploads\/2022\/04\/grupopatense-white.webp\" class=\"attachment-large size-large wp-image-763\" alt=\"Grupo Patense\" srcset=\"https:\/\/www.farol.ind.br\/view\/wp-content\/uploads\/2022\/04\/grupopatense-white.webp 472w, https:\/\/www.farol.ind.br\/view\/wp-content\/uploads\/2022\/04\/grupopatense-white-300x127.webp 300w\" sizes=\"(max-width: 472px) 100vw, 472px\" \/>\t\t\t\t\t\t\t\t<\/a>\n\t\t\t\t\t\t\t\t\t\t\t\t\t\t\t<\/div>\n\t\t\t\t<\/div>\n\t\t\t\t\t<\/div>\n\t\t<\/div>\n\t\t\t\t<div class=\"elementor-column elementor-col-33 elementor-top-column elementor-element elementor-element-5c6eddfd\" data-id=\"5c6eddfd\" data-element_type=\"column\" data-e-type=\"column\">\n\t\t\t<div class=\"elementor-widget-wrap elementor-element-populated\">\n\t\t\t\t\t\t<div class=\"elementor-element elementor-element-27478d74 elementor-widget elementor-widget-heading\" data-id=\"27478d74\" data-element_type=\"widget\" data-e-type=\"widget\" data-widget_type=\"heading.default\">\n\t\t\t\t<div class=\"elementor-widget-container\">\n\t\t\t\t\t<p class=\"elementor-heading-title elementor-size-default\">\u00a9 2022 Farol S.A.<\/p>\t\t\t\t<\/div>\n\t\t\t\t<\/div>\n\t\t\t\t\t<\/div>\n\t\t<\/div>\n\t\t\t\t<div class=\"elementor-column elementor-col-33 elementor-top-column elementor-element elementor-element-49073fd4\" data-id=\"49073fd4\" data-element_type=\"column\" data-e-type=\"column\">\n\t\t\t<div class=\"elementor-widget-wrap elementor-element-populated\">\n\t\t\t\t\t\t<div class=\"elementor-element elementor-element-5cc46d elementor-widget elementor-widget-text-editor\" data-id=\"5cc46d\" data-element_type=\"widget\" data-e-type=\"widget\" data-widget_type=\"text-editor.default\">\n\t\t\t\t<div class=\"elementor-widget-container\">\n\t\t\t\t\t\t\t\t\t<p>Developed by <strong><span style=\"color: #ffffff;\"><a style=\"color: #ffffff;\" href=\"https:\/\/www.bmouseproductions.com\/\" target=\"_blank\" rel=\"noopener\">Bmouse Productions<\/a><\/span><\/strong><\/p>\t\t\t\t\t\t\t\t<\/div>\n\t\t\t\t<\/div>\n\t\t\t\t\t<\/div>\n\t\t<\/div>\n\t\t\t\t\t<\/div>\n\t\t<\/section>\n\t\t\t\t<\/div>\n\t\t","protected":false},"excerpt":{"rendered":"<p>Home Empresa Ubicaciones Productos Exportaci\u00f3n Sostenibilidad Colecci\u00f3n Contacto Contacto Trabaje Con Nosotros Defensor del pueblo Marketing Cont\u00e1ctanos \u00a1Sus preguntas o sugerencias son importantes para nosotros! Utilice el siguiente formulario para contactarnos acerca de: Aclaraciones de dudas en general Solicitud de Informaci\u00f3n Sugerencias Elogios Reclamaciones en general Nuestras Ubicaciones Farol &#8211; unidade farol &#8211; nova itaberaba [&hellip;]<\/p>\n","protected":false},"author":1,"featured_media":0,"parent":0,"menu_order":0,"comment_status":"closed","ping_status":"closed","template":"elementor_canvas","meta":{"footnotes":""},"class_list":["post-947","page","type-page","status-publish","hentry"],"yoast_head":"<!-- This site is optimized with the Yoast SEO plugin v27.4 - https:\/\/yoast.com\/product\/yoast-seo-wordpress\/ -->\n<title>Contacto - Farol S.A.<\/title>\n<meta name=\"robots\" content=\"index, follow, max-snippet:-1, max-image-preview:large, max-video-preview:-1\" \/>\n<link rel=\"canonical\" href=\"https:\/\/www.farol.ind.br\/view\/index.php\/contacto\/\" \/>\n<meta property=\"og:locale\" content=\"pt_BR\" \/>\n<meta property=\"og:type\" content=\"article\" \/>\n<meta property=\"og:title\" content=\"Contacto - Farol S.A.\" \/>\n<meta property=\"og:description\" content=\"Home Empresa Ubicaciones Productos Exportaci\u00f3n Sostenibilidad Colecci\u00f3n Contacto Contacto Trabaje Con Nosotros Defensor del pueblo Marketing Cont\u00e1ctanos \u00a1Sus preguntas o sugerencias son importantes para nosotros! Utilice el siguiente formulario para contactarnos acerca de: Aclaraciones de dudas en general Solicitud de Informaci\u00f3n Sugerencias Elogios Reclamaciones en general Nuestras Ubicaciones Farol &#8211; unidade farol &#8211; nova itaberaba [&hellip;]\" \/>\n<meta property=\"og:url\" content=\"https:\/\/www.farol.ind.br\/view\/index.php\/contacto\/\" \/>\n<meta property=\"og:site_name\" content=\"Farol S.A.\" \/>\n<meta property=\"article:publisher\" content=\"https:\/\/www.facebook.com\/FarolSA?_rdr\" \/>\n<meta property=\"article:modified_time\" content=\"2023-08-02T18:45:40+00:00\" \/>\n<meta property=\"og:image\" content=\"https:\/\/www.farol.ind.br\/view\/wp-content\/uploads\/2022\/03\/logo-dark.png\" \/>\n<meta name=\"twitter:card\" content=\"summary_large_image\" \/>\n<meta name=\"twitter:label1\" content=\"Est. tempo de leitura\" \/>\n\t<meta name=\"twitter:data1\" content=\"10 minutos\" \/>\n<script type=\"application\/ld+json\" class=\"yoast-schema-graph\">{\"@context\":\"https:\\\/\\\/schema.org\",\"@graph\":[{\"@type\":\"WebPage\",\"@id\":\"https:\\\/\\\/www.farol.ind.br\\\/view\\\/index.php\\\/contacto\\\/\",\"url\":\"https:\\\/\\\/www.farol.ind.br\\\/view\\\/index.php\\\/contacto\\\/\",\"name\":\"Contacto - Farol S.A.\",\"isPartOf\":{\"@id\":\"https:\\\/\\\/www.farol.ind.br\\\/view\\\/#website\"},\"primaryImageOfPage\":{\"@id\":\"https:\\\/\\\/www.farol.ind.br\\\/view\\\/index.php\\\/contacto\\\/#primaryimage\"},\"image\":{\"@id\":\"https:\\\/\\\/www.farol.ind.br\\\/view\\\/index.php\\\/contacto\\\/#primaryimage\"},\"thumbnailUrl\":\"https:\\\/\\\/www.farol.ind.br\\\/view\\\/wp-content\\\/uploads\\\/2022\\\/03\\\/logo-dark.png\",\"datePublished\":\"2022-05-19T19:12:28+00:00\",\"dateModified\":\"2023-08-02T18:45:40+00:00\",\"breadcrumb\":{\"@id\":\"https:\\\/\\\/www.farol.ind.br\\\/view\\\/index.php\\\/contacto\\\/#breadcrumb\"},\"inLanguage\":\"pt-BR\",\"potentialAction\":[{\"@type\":\"ReadAction\",\"target\":[\"https:\\\/\\\/www.farol.ind.br\\\/view\\\/index.php\\\/contacto\\\/\"]}]},{\"@type\":\"ImageObject\",\"inLanguage\":\"pt-BR\",\"@id\":\"https:\\\/\\\/www.farol.ind.br\\\/view\\\/index.php\\\/contacto\\\/#primaryimage\",\"url\":\"https:\\\/\\\/www.farol.ind.br\\\/view\\\/wp-content\\\/uploads\\\/2022\\\/03\\\/logo-dark.png\",\"contentUrl\":\"https:\\\/\\\/www.farol.ind.br\\\/view\\\/wp-content\\\/uploads\\\/2022\\\/03\\\/logo-dark.png\",\"width\":550,\"height\":300,\"caption\":\"Farol S.A.\"},{\"@type\":\"BreadcrumbList\",\"@id\":\"https:\\\/\\\/www.farol.ind.br\\\/view\\\/index.php\\\/contacto\\\/#breadcrumb\",\"itemListElement\":[{\"@type\":\"ListItem\",\"position\":1,\"name\":\"In\u00edcio\",\"item\":\"https:\\\/\\\/www.farol.ind.br\\\/view\\\/\"},{\"@type\":\"ListItem\",\"position\":2,\"name\":\"Contacto\"}]},{\"@type\":\"WebSite\",\"@id\":\"https:\\\/\\\/www.farol.ind.br\\\/view\\\/#website\",\"url\":\"https:\\\/\\\/www.farol.ind.br\\\/view\\\/\",\"name\":\"Farol S.A.\",\"description\":\"Coletamos os subprodutos de bovinos, su\u00ednos, aves e peixes e, atrav\u00e9s da nossa tecnologia de ponta, realizamos a fabrica\u00e7\u00e3o de  mat\u00e9rias-primas de alto padr\u00e3o que s\u00e3o utilizados como componentes para ra\u00e7\u00f5es animais e diversas ind\u00fastrias qu\u00edmicas.\",\"publisher\":{\"@id\":\"https:\\\/\\\/www.farol.ind.br\\\/view\\\/#organization\"},\"potentialAction\":[{\"@type\":\"SearchAction\",\"target\":{\"@type\":\"EntryPoint\",\"urlTemplate\":\"https:\\\/\\\/www.farol.ind.br\\\/view\\\/?s={search_term_string}\"},\"query-input\":{\"@type\":\"PropertyValueSpecification\",\"valueRequired\":true,\"valueName\":\"search_term_string\"}}],\"inLanguage\":\"pt-BR\"},{\"@type\":\"Organization\",\"@id\":\"https:\\\/\\\/www.farol.ind.br\\\/view\\\/#organization\",\"name\":\"Farol S.A.\",\"url\":\"https:\\\/\\\/www.farol.ind.br\\\/view\\\/\",\"logo\":{\"@type\":\"ImageObject\",\"inLanguage\":\"pt-BR\",\"@id\":\"https:\\\/\\\/www.farol.ind.br\\\/view\\\/#\\\/schema\\\/logo\\\/image\\\/\",\"url\":\"http:\\\/\\\/www.farol.ind.br\\\/view\\\/wp-content\\\/uploads\\\/2022\\\/03\\\/logo-dark.png\",\"contentUrl\":\"http:\\\/\\\/www.farol.ind.br\\\/view\\\/wp-content\\\/uploads\\\/2022\\\/03\\\/logo-dark.png\",\"width\":550,\"height\":300,\"caption\":\"Farol S.A.\"},\"image\":{\"@id\":\"https:\\\/\\\/www.farol.ind.br\\\/view\\\/#\\\/schema\\\/logo\\\/image\\\/\"},\"sameAs\":[\"https:\\\/\\\/www.facebook.com\\\/FarolSA?_rdr\",\"https:\\\/\\\/www.instagram.com\\\/farolindustria\\\/\"]}]}<\/script>\n<!-- \/ Yoast SEO plugin. -->","yoast_head_json":{"title":"Contacto - Farol S.A.","robots":{"index":"index","follow":"follow","max-snippet":"max-snippet:-1","max-image-preview":"max-image-preview:large","max-video-preview":"max-video-preview:-1"},"canonical":"https:\/\/www.farol.ind.br\/view\/index.php\/contacto\/","og_locale":"pt_BR","og_type":"article","og_title":"Contacto - Farol S.A.","og_description":"Home Empresa Ubicaciones Productos Exportaci\u00f3n Sostenibilidad Colecci\u00f3n Contacto Contacto Trabaje Con Nosotros Defensor del pueblo Marketing Cont\u00e1ctanos \u00a1Sus preguntas o sugerencias son importantes para nosotros! Utilice el siguiente formulario para contactarnos acerca de: Aclaraciones de dudas en general Solicitud de Informaci\u00f3n Sugerencias Elogios Reclamaciones en general Nuestras Ubicaciones Farol &#8211; unidade farol &#8211; nova itaberaba [&hellip;]","og_url":"https:\/\/www.farol.ind.br\/view\/index.php\/contacto\/","og_site_name":"Farol S.A.","article_publisher":"https:\/\/www.facebook.com\/FarolSA?_rdr","article_modified_time":"2023-08-02T18:45:40+00:00","og_image":[{"url":"https:\/\/www.farol.ind.br\/view\/wp-content\/uploads\/2022\/03\/logo-dark.png","type":"","width":"","height":""}],"twitter_card":"summary_large_image","twitter_misc":{"Est. tempo de leitura":"10 minutos"},"schema":{"@context":"https:\/\/schema.org","@graph":[{"@type":"WebPage","@id":"https:\/\/www.farol.ind.br\/view\/index.php\/contacto\/","url":"https:\/\/www.farol.ind.br\/view\/index.php\/contacto\/","name":"Contacto - Farol S.A.","isPartOf":{"@id":"https:\/\/www.farol.ind.br\/view\/#website"},"primaryImageOfPage":{"@id":"https:\/\/www.farol.ind.br\/view\/index.php\/contacto\/#primaryimage"},"image":{"@id":"https:\/\/www.farol.ind.br\/view\/index.php\/contacto\/#primaryimage"},"thumbnailUrl":"https:\/\/www.farol.ind.br\/view\/wp-content\/uploads\/2022\/03\/logo-dark.png","datePublished":"2022-05-19T19:12:28+00:00","dateModified":"2023-08-02T18:45:40+00:00","breadcrumb":{"@id":"https:\/\/www.farol.ind.br\/view\/index.php\/contacto\/#breadcrumb"},"inLanguage":"pt-BR","potentialAction":[{"@type":"ReadAction","target":["https:\/\/www.farol.ind.br\/view\/index.php\/contacto\/"]}]},{"@type":"ImageObject","inLanguage":"pt-BR","@id":"https:\/\/www.farol.ind.br\/view\/index.php\/contacto\/#primaryimage","url":"https:\/\/www.farol.ind.br\/view\/wp-content\/uploads\/2022\/03\/logo-dark.png","contentUrl":"https:\/\/www.farol.ind.br\/view\/wp-content\/uploads\/2022\/03\/logo-dark.png","width":550,"height":300,"caption":"Farol S.A."},{"@type":"BreadcrumbList","@id":"https:\/\/www.farol.ind.br\/view\/index.php\/contacto\/#breadcrumb","itemListElement":[{"@type":"ListItem","position":1,"name":"In\u00edcio","item":"https:\/\/www.farol.ind.br\/view\/"},{"@type":"ListItem","position":2,"name":"Contacto"}]},{"@type":"WebSite","@id":"https:\/\/www.farol.ind.br\/view\/#website","url":"https:\/\/www.farol.ind.br\/view\/","name":"Farol S.A.","description":"Coletamos os subprodutos de bovinos, su\u00ednos, aves e peixes e, atrav\u00e9s da nossa tecnologia de ponta, realizamos a fabrica\u00e7\u00e3o de  mat\u00e9rias-primas de alto padr\u00e3o que s\u00e3o utilizados como componentes para ra\u00e7\u00f5es animais e diversas ind\u00fastrias qu\u00edmicas.","publisher":{"@id":"https:\/\/www.farol.ind.br\/view\/#organization"},"potentialAction":[{"@type":"SearchAction","target":{"@type":"EntryPoint","urlTemplate":"https:\/\/www.farol.ind.br\/view\/?s={search_term_string}"},"query-input":{"@type":"PropertyValueSpecification","valueRequired":true,"valueName":"search_term_string"}}],"inLanguage":"pt-BR"},{"@type":"Organization","@id":"https:\/\/www.farol.ind.br\/view\/#organization","name":"Farol S.A.","url":"https:\/\/www.farol.ind.br\/view\/","logo":{"@type":"ImageObject","inLanguage":"pt-BR","@id":"https:\/\/www.farol.ind.br\/view\/#\/schema\/logo\/image\/","url":"http:\/\/www.farol.ind.br\/view\/wp-content\/uploads\/2022\/03\/logo-dark.png","contentUrl":"http:\/\/www.farol.ind.br\/view\/wp-content\/uploads\/2022\/03\/logo-dark.png","width":550,"height":300,"caption":"Farol S.A."},"image":{"@id":"https:\/\/www.farol.ind.br\/view\/#\/schema\/logo\/image\/"},"sameAs":["https:\/\/www.facebook.com\/FarolSA?_rdr","https:\/\/www.instagram.com\/farolindustria\/"]}]}},"_links":{"self":[{"href":"https:\/\/www.farol.ind.br\/view\/index.php\/wp-json\/wp\/v2\/pages\/947","targetHints":{"allow":["GET"]}}],"collection":[{"href":"https:\/\/www.farol.ind.br\/view\/index.php\/wp-json\/wp\/v2\/pages"}],"about":[{"href":"https:\/\/www.farol.ind.br\/view\/index.php\/wp-json\/wp\/v2\/types\/page"}],"author":[{"embeddable":true,"href":"https:\/\/www.farol.ind.br\/view\/index.php\/wp-json\/wp\/v2\/users\/1"}],"replies":[{"embeddable":true,"href":"https:\/\/www.farol.ind.br\/view\/index.php\/wp-json\/wp\/v2\/comments?post=947"}],"version-history":[{"count":22,"href":"https:\/\/www.farol.ind.br\/view\/index.php\/wp-json\/wp\/v2\/pages\/947\/revisions"}],"predecessor-version":[{"id":3151,"href":"https:\/\/www.farol.ind.br\/view\/index.php\/wp-json\/wp\/v2\/pages\/947\/revisions\/3151"}],"wp:attachment":[{"href":"https:\/\/www.farol.ind.br\/view\/index.php\/wp-json\/wp\/v2\/media?parent=947"}],"curies":[{"name":"wp","href":"https:\/\/api.w.org\/{rel}","templated":true}]}}